{"id":780,"date":"2024-03-28T10:46:58","date_gmt":"2024-03-28T10:46:58","guid":{"rendered":"http:\/\/admin"},"modified":"2024-03-28T10:46:58","modified_gmt":"2024-03-28T10:46:58","slug":"b2e-fedas","status":"publish","type":"product","link":"https:\/\/cat.elultimocoral.es\/index.php\/producto\/b2e-fedas\/","title":{"rendered":"Buceador 2 Estrellas FEDAS"},"content":{"rendered":"<p>\u00bfYa eres buceador\/a certificado\/a y te has iniciado en el mundo submarino? Pues aqu\u00ed te presentamos tu siguiente nivel, donde te prepararemos para que adquieras las habilidades necesarias para realizar y planificar tus propias inmersiones con tus compa\u00f1eros\/as, o bucear a mayor profundidad.<\/p>\n<p>&nbsp;<\/p>\n<p>ATRIBUCIONES<\/p>\n<p>\u2013 Profundidad m\u00e1xima hasta 40 metros.<\/p>\n<p>&nbsp;<\/p>\n<p>INCLUIDO<\/p>\n<p>\u2013 Equipo de buceo (s\u00f3lo tr\u00e1ete el ba\u00f1ador y la toalla).<\/p>\n<p>\u2013 Todo el material did\u00e1ctico para realizar el curso.<\/p>\n<p>\u2013 Seguro obligatorio.<\/p>\n<p>\u2013 Titulaci\u00f3n reconocida internacionalmente.<\/p>\n<p>&nbsp;<\/p>\n<p>PREREQUISITOS<\/p>\n<p>\u2013 Edad m\u00ednima 15 a\u00f1os.<\/p>\n<p>\u2013 Titulaci\u00f3n de Buceador 1 Estrella, Open Water Diver o equivalente.<\/p>\n<p>\u2013 20 Inmersiones registradas.<\/p>\n<p>\u2013 Curso de Soporte Vital B\u00e1sico o equivalente.<\/p>\n","protected":false},"excerpt":{"rendered":"<p>\u00bfYa eres buceador\/a certificado\/a y te has iniciado en el mundo submarino? Pues aqu\u00ed te presentamos tu siguiente nivel, donde te prepararemos para que adquieras las habilidades necesarias para realizar y planificar tus propias inmersiones con tus compa\u00f1eros\/as, o bucear a mayor profundidad.<\/p>\n","protected":false},"featured_media":767,"comment_status":"open","ping_status":"closed","template":"","meta":[],"product_brand":[],"product_cat":[41],"product_tag":[],"class_list":{"0":"post-780","1":"product","2":"type-product","3":"status-publish","4":"has-post-thumbnail","6":"product_cat-avanzados","8":"first","9":"instock","10":"shipping-taxable","11":"purchasable","12":"product-type-simple"},"post_mailing_queue_ids":[],"_links":{"self":[{"href":"https:\/\/cat.elultimocoral.es\/index.php\/wp-json\/wp\/v2\/product\/780","targetHints":{"allow":["GET"]}}],"collection":[{"href":"https:\/\/cat.elultimocoral.es\/index.php\/wp-json\/wp\/v2\/product"}],"about":[{"href":"https:\/\/cat.elultimocoral.es\/index.php\/wp-json\/wp\/v2\/types\/product"}],"replies":[{"embeddable":true,"href":"https:\/\/cat.elultimocoral.es\/index.php\/wp-json\/wp\/v2\/comments?post=780"}],"wp:featuredmedia":[{"embeddable":true,"href":"https:\/\/cat.elultimocoral.es\/index.php\/wp-json\/wp\/v2\/media\/767"}],"wp:attachment":[{"href":"https:\/\/cat.elultimocoral.es\/index.php\/wp-json\/wp\/v2\/media?parent=780"}],"wp:term":[{"taxonomy":"product_brand","embeddable":true,"href":"https:\/\/cat.elultimocoral.es\/index.php\/wp-json\/wp\/v2\/product_brand?post=780"},{"taxonomy":"product_cat","embeddable":true,"href":"https:\/\/cat.elultimocoral.es\/index.php\/wp-json\/wp\/v2\/product_cat?post=780"},{"taxonomy":"product_tag","embeddable":true,"href":"https:\/\/cat.elultimocoral.es\/index.php\/wp-json\/wp\/v2\/product_tag?post=780"}],"curies":[{"name":"wp","href":"https:\/\/api.w.org\/{rel}","templated":true}]}}