{"id":778,"date":"2024-03-28T10:46:58","date_gmt":"2024-03-28T10:46:58","guid":{"rendered":"http:\/\/admin"},"modified":"2024-03-28T10:46:58","modified_gmt":"2024-03-28T10:46:58","slug":"bautizo-buceo","status":"publish","type":"product","link":"https:\/\/cat.elultimocoral.es\/index.php\/producto\/bautizo-buceo\/","title":{"rendered":"Bautizo de buceo"},"content":{"rendered":"<p lang=\"es-ES\" align=\"justify\">\u00bfTe atrae el mar? \u00bfTienes curiosidad por ver en primera persona el mundo marino? \u00bfExperimentar la ingravidez o nadar entre peces? Si la respuesta es que S\u00cd, te ofrecemos la posibilidad de que lo experimentes con nosotros mediante uno de nuestros bautizos, donde podr\u00e1s disfrutar de todo ello.<\/p>\n<p lang=\"es-ES\" align=\"justify\">Nosotros nos encargamos de todo, te proporcionamos todo lo necesario para realizarlo, adem\u00e1s estar\u00e1s acompa\u00f1ado\/a en todo momento por un miembro de nuestro equipo para que no tengas que preocuparte por nada, solo concentrarte en disfrutar.<\/p>\n<p>&nbsp;<\/p>\n<p>DURACI\u00d3N<\/p>\n<p>\u2013 2 Horas<\/p>\n<p>&nbsp;<\/p>\n<p>INCLUIDO<\/p>\n<p>\u2013 Briefing sobre el equipo de buceo<\/p>\n<p>\u2013 Equipo de buceo<\/p>\n<p>\u2013 Inmersi\u00f3n<\/p>\n<p>\u2013 Seguro obligatorio<\/p>\n<p>PREREQUISITOS<\/p>\n<p>\u2013 Edad m\u00ednima 10 a\u00f1os<\/p>\n<p>\u2013 Autorizaci\u00f3n de los padres\/tutores para menores de edad<\/p>\n","protected":false},"excerpt":{"rendered":"<p>\u00bfTe atrae el mar? \u00bfTienes curiosidad por ver en primera persona el mundo marino? \u00bfExperimentar la ingravidez o nadar entre peces? Si la respuesta es que S\u00cd, te ofrecemos la posibilidad de que lo experimentes con nosotros mediante uno de nuestros bautizos, donde podr\u00e1s disfrutar de todo ello.<\/p>\n","protected":false},"featured_media":793,"comment_status":"open","ping_status":"closed","template":"","meta":[],"product_brand":[],"product_cat":[38],"product_tag":[],"class_list":{"0":"post-778","1":"product","2":"type-product","3":"status-publish","4":"has-post-thumbnail","6":"product_cat-experiencias","8":"first","9":"instock","10":"shipping-taxable","11":"purchasable","12":"product-type-simple"},"post_mailing_queue_ids":[],"_links":{"self":[{"href":"https:\/\/cat.elultimocoral.es\/index.php\/wp-json\/wp\/v2\/product\/778","targetHints":{"allow":["GET"]}}],"collection":[{"href":"https:\/\/cat.elultimocoral.es\/index.php\/wp-json\/wp\/v2\/product"}],"about":[{"href":"https:\/\/cat.elultimocoral.es\/index.php\/wp-json\/wp\/v2\/types\/product"}],"replies":[{"embeddable":true,"href":"https:\/\/cat.elultimocoral.es\/index.php\/wp-json\/wp\/v2\/comments?post=778"}],"wp:featuredmedia":[{"embeddable":true,"href":"https:\/\/cat.elultimocoral.es\/index.php\/wp-json\/wp\/v2\/media\/793"}],"wp:attachment":[{"href":"https:\/\/cat.elultimocoral.es\/index.php\/wp-json\/wp\/v2\/media?parent=778"}],"wp:term":[{"taxonomy":"product_brand","embeddable":true,"href":"https:\/\/cat.elultimocoral.es\/index.php\/wp-json\/wp\/v2\/product_brand?post=778"},{"taxonomy":"product_cat","embeddable":true,"href":"https:\/\/cat.elultimocoral.es\/index.php\/wp-json\/wp\/v2\/product_cat?post=778"},{"taxonomy":"product_tag","embeddable":true,"href":"https:\/\/cat.elultimocoral.es\/index.php\/wp-json\/wp\/v2\/product_tag?post=778"}],"curies":[{"name":"wp","href":"https:\/\/api.w.org\/{rel}","templated":true}]}}