{"id":776,"date":"2024-03-28T10:46:57","date_gmt":"2024-03-28T10:46:57","guid":{"rendered":"http:\/\/admin"},"modified":"2024-03-28T10:46:57","modified_gmt":"2024-03-28T10:46:57","slug":"buceo-profundo","status":"publish","type":"product","link":"https:\/\/cat.elultimocoral.es\/index.php\/producto\/buceo-profundo\/","title":{"rendered":"Buceo Profundo"},"content":{"rendered":"<p>\u00bfTe fascina el azul profundo?<\/p>\n<p>\u00bfHay un pecio o un arrecife que te gustar\u00eda explorar que tenga m\u00e1s de 30 m de profundidad?<\/p>\n<p>Hay algo emocionante y misterioso en explorar sitios de buceo m\u00e1s profundos mientras se bucea.<\/p>\n<p>\u00a1Inscr\u00edbete en el curso PADI Buceo Profundo! Durante 4 inmersiones, aumentar\u00e1 gradualmente tu profundidad a 40 m, mientras est\u00e1s bajo la supervisi\u00f3n constante del Instructor.<\/p>\n<p>Aprender\u00e1s a planificar inmersiones profundas, gestionar el consumo de aire, lidiar con la narcosis y utilizar el equipo de seguridad adecuado. Al final del curso estar\u00e1s certificado para bucear a 40 m.<\/p>\n<p><strong>PADI eLearning<\/strong><\/p>\n<p>\u00bfQuieres estudiar en casa, a tu propio ritmo y en el idioma que elijas?<\/p>\n<p>\u00bfQuieres ahorrar un tiempo precioso durante tus vacaciones y concentrarse en las sesiones pr\u00e1cticas y las inmersiones en el mar?<\/p>\n<p>\u00a1Con eLearning puedes hacer todo lo anterior y obtener acceso ilimitado al material de estudio!<\/p>\n<p><strong>DURACI\u00d3N<\/strong><\/p>\n<p>\u2013 2 d\u00edas<\/p>\n<p><strong>CONTENIDO<\/strong><\/p>\n<p>\u2013 M\u00f3dulos de teor\u00eda a trav\u00e9s de la plataforma PADI eLearning (la teor\u00eda se realiza on-line a tu ritmo).<\/p>\n<p>\u2013 4 Inmersiones.<\/p>\n<p><strong>INCLUIDO<\/strong><\/p>\n<p>\u2013 Equipo de buceo.<\/p>\n<p>\u2013 Todo el material did\u00e1ctico PADI para realizar el curso.<\/p>\n<p>\u2013 Certificado PADI Advanced Open Water Diver.<\/p>\n<p><strong>PREREQUISITOS<\/strong><\/p>\n<p>\u2013 Edad m\u00ednima 15 a\u00f1os.<\/p>\n<p>\u2013 Certificado m\u00e9dico de medicina deportiva 2 a\u00f1os de antiguedad.<\/p>\n<p>\u2013 Certificado PADI Advanced Open Water Diver o equivalente.<\/p>\n<p>&nbsp;<\/p>\n","protected":false},"excerpt":{"rendered":"<p>Aprender\u00e1s a planificar inmersiones profundas, gestionar el consumo de aire, lidiar con la narcosis y utilizar el equipo de seguridad adecuado. Al final del curso estar\u00e1s certificado para bucear a 40 m.<\/p>\n","protected":false},"featured_media":792,"comment_status":"open","ping_status":"closed","template":"","meta":[],"product_brand":[],"product_cat":[43],"product_tag":[],"class_list":{"0":"post-776","1":"product","2":"type-product","3":"status-publish","4":"has-post-thumbnail","6":"product_cat-especialidades","8":"first","9":"instock","10":"shipping-taxable","11":"purchasable","12":"product-type-simple"},"post_mailing_queue_ids":[],"_links":{"self":[{"href":"https:\/\/cat.elultimocoral.es\/index.php\/wp-json\/wp\/v2\/product\/776","targetHints":{"allow":["GET"]}}],"collection":[{"href":"https:\/\/cat.elultimocoral.es\/index.php\/wp-json\/wp\/v2\/product"}],"about":[{"href":"https:\/\/cat.elultimocoral.es\/index.php\/wp-json\/wp\/v2\/types\/product"}],"replies":[{"embeddable":true,"href":"https:\/\/cat.elultimocoral.es\/index.php\/wp-json\/wp\/v2\/comments?post=776"}],"wp:featuredmedia":[{"embeddable":true,"href":"https:\/\/cat.elultimocoral.es\/index.php\/wp-json\/wp\/v2\/media\/792"}],"wp:attachment":[{"href":"https:\/\/cat.elultimocoral.es\/index.php\/wp-json\/wp\/v2\/media?parent=776"}],"wp:term":[{"taxonomy":"product_brand","embeddable":true,"href":"https:\/\/cat.elultimocoral.es\/index.php\/wp-json\/wp\/v2\/product_brand?post=776"},{"taxonomy":"product_cat","embeddable":true,"href":"https:\/\/cat.elultimocoral.es\/index.php\/wp-json\/wp\/v2\/product_cat?post=776"},{"taxonomy":"product_tag","embeddable":true,"href":"https:\/\/cat.elultimocoral.es\/index.php\/wp-json\/wp\/v2\/product_tag?post=776"}],"curies":[{"name":"wp","href":"https:\/\/api.w.org\/{rel}","templated":true}]}}