{"id":775,"date":"2024-03-28T10:46:57","date_gmt":"2024-03-28T10:46:57","guid":{"rendered":"http:\/\/admin"},"modified":"2024-03-28T10:46:57","modified_gmt":"2024-03-28T10:46:57","slug":"nitrox","status":"publish","type":"product","link":"https:\/\/cat.elultimocoral.es\/index.php\/producto\/nitrox\/","title":{"rendered":"Nitrox &#8211; Aire Enriquecido"},"content":{"rendered":"<div class=\"elementor-element elementor-element-7d8600e elementor-widget elementor-widget-text-editor\" data-id=\"7d8600e\" data-element_type=\"widget\" data-widget_type=\"text-editor.default\">\n<div class=\"elementor-widget-container\">\n<div class=\"elementor-text-editor elementor-clearfix\">\n<p>\u00bfTe quedas sin tiempo de fondo antes de quedarte sin aire?<\/p>\n<p>\u00bfRealizas habitualmente m\u00e1s de 2 inmersiones al d\u00eda cuando est\u00e1s de vacaciones?<\/p>\n<p>Es posible que desees considerar los beneficios de ser un buceador PADI Enriched Air.<\/p>\n<p>Entre todos los cursos de especialidad, el curso PADI Enriched Air Diver es, con mucho, el curso de especialidad PADI m\u00e1s f\u00e1cil y popular.<\/p>\n<p>Bucear con aire enriquecido significa que puedes permanecer en el fondo m\u00e1s tiempo o tener intervalos de superficie m\u00e1s cortos entre inmersiones. Te brinda m\u00e1s tiempo en el fondo, especialmente si realizas varias inmersiones por d\u00eda.<\/p>\n<p>Tambi\u00e9n puedes bucear con aire enriquecido por seguridad personal; usar aire enriquecido mientras buceas con un perfil de aire, \u00a1significar\u00e1 que tu cuerpo absorber\u00e1 menos nitr\u00f3geno!<\/p>\n<p>Solo se necesitan un par de horas para repasar la teor\u00eda, completar la revisi\u00f3n de conocimientos y realizar el examen. Despu\u00e9s de eso, aprender\u00e1s a analizar el contenido de una botella de aire enriquecido, configurar\u00e1s tu computadora de buceo para bucear con aire enriquecido y estar\u00e1s listo para bucear.<\/p>\n<p><strong>PADI eLearning<\/strong><\/p>\n<p>\u00bfQuieres estudiar en casa, a tu propio ritmo y en el idioma que elijas?<\/p>\n<p>\u00bfQuieres ahorrar un tiempo precioso durante tus vacaciones y concentrarse en las sesiones pr\u00e1cticas y las inmersiones en el mar?<\/p>\n<p>\u00a1Con eLearning puedes hacer todo lo anterior y obtener acceso ilimitado al material de estudio!<\/p>\n<p><strong>DURACI\u00d3N<\/strong><\/p>\n<p>\u2013 1 d\u00edas<\/p>\n<p><strong>CONTENIDO<\/strong><\/p>\n<p>\u2013 M\u00f3dulos de teor\u00eda a trav\u00e9s de la plataforma PADI eLearning (la teor\u00eda se realiza on-line a tu ritmo).<\/p>\n<p>\u2013 2 Inmersiones con aire enriquecido.<\/p>\n<p><strong>INCLUIDO<\/strong><\/p>\n<p>\u2013 Todo el material did\u00e1ctico PADI para realizar el curso.<\/p>\n<p>\u2013 Certificado PADI Enriched Air Diver.<\/p>\n<p><strong>PREREQUISITOS<\/strong><\/p>\n<p>\u2013 Edad m\u00ednima 12 a\u00f1os.<\/p>\n<p>\u2013 Certificado m\u00e9dico de medicina deportiva 2 a\u00f1os de antiguedad.<\/p>\n<p>\u2013 Certificado PADI Open Water Diver o equivalente.<\/p>\n<\/div>\n<\/div>\n<\/div>\n","protected":false},"excerpt":{"rendered":"<p>Bucear con aire enriquecido significa que puedes permanecer en el fondo m\u00e1s tiempo o tener intervalos de superficie m\u00e1s cortos entre inmersiones.<\/p>\n","protected":false},"featured_media":791,"comment_status":"open","ping_status":"closed","template":"","meta":[],"product_brand":[],"product_cat":[43],"product_tag":[],"class_list":{"0":"post-775","1":"product","2":"type-product","3":"status-publish","4":"has-post-thumbnail","6":"product_cat-especialidades","8":"first","9":"instock","10":"shipping-taxable","11":"purchasable","12":"product-type-simple"},"post_mailing_queue_ids":[],"_links":{"self":[{"href":"https:\/\/cat.elultimocoral.es\/index.php\/wp-json\/wp\/v2\/product\/775","targetHints":{"allow":["GET"]}}],"collection":[{"href":"https:\/\/cat.elultimocoral.es\/index.php\/wp-json\/wp\/v2\/product"}],"about":[{"href":"https:\/\/cat.elultimocoral.es\/index.php\/wp-json\/wp\/v2\/types\/product"}],"replies":[{"embeddable":true,"href":"https:\/\/cat.elultimocoral.es\/index.php\/wp-json\/wp\/v2\/comments?post=775"}],"wp:featuredmedia":[{"embeddable":true,"href":"https:\/\/cat.elultimocoral.es\/index.php\/wp-json\/wp\/v2\/media\/791"}],"wp:attachment":[{"href":"https:\/\/cat.elultimocoral.es\/index.php\/wp-json\/wp\/v2\/media?parent=775"}],"wp:term":[{"taxonomy":"product_brand","embeddable":true,"href":"https:\/\/cat.elultimocoral.es\/index.php\/wp-json\/wp\/v2\/product_brand?post=775"},{"taxonomy":"product_cat","embeddable":true,"href":"https:\/\/cat.elultimocoral.es\/index.php\/wp-json\/wp\/v2\/product_cat?post=775"},{"taxonomy":"product_tag","embeddable":true,"href":"https:\/\/cat.elultimocoral.es\/index.php\/wp-json\/wp\/v2\/product_tag?post=775"}],"curies":[{"name":"wp","href":"https:\/\/api.w.org\/{rel}","templated":true}]}}