{"id":766,"date":"2024-03-28T10:46:56","date_gmt":"2024-03-28T10:46:56","guid":{"rendered":"http:\/\/admin"},"modified":"2024-03-28T10:46:56","modified_gmt":"2024-03-28T10:46:56","slug":"open-water","status":"publish","type":"product","link":"https:\/\/cat.elultimocoral.es\/index.php\/producto\/open-water\/","title":{"rendered":"Open Water Diver PADI"},"content":{"rendered":"<p>La certificaci\u00f3n PADI Open Water de PADI es el primer nivel de buceo, el certificado es reconocido mundialmente y al final del curso estar\u00e1s certificado para bucear a 18 metros de profundidad.<\/p>\n<p>El curso combina todos los aspectos b\u00e1sicos del buceo desde una perspectiva te\u00f3rica y pr\u00e1ctica. El curso mejorar\u00e1 tu comprensi\u00f3n del oc\u00e9ano y aprender\u00e1s los hechos, principios y conceptos b\u00e1sicos del buceo. Adem\u00e1s, te familiarizar\u00e1s con diversas t\u00e9cnicas y m\u00e9todos que pueden desarrollar tus habilidades de buceo.<\/p>\n<p>&nbsp;<\/p>\n<p><strong>PADI eLearning<\/strong><\/p>\n<p>\u00bfQuieres estudiar en casa, a tu propio ritmo y en el idioma que elijas?<\/p>\n<p>\u00bfQuieres ahorrar un tiempo precioso durante tus vacaciones y concentrarse en las sesiones pr\u00e1cticas y las inmersiones en el mar?<\/p>\n<p>\u00a1Con eLearning puedes hacer todo lo anterior y obtener acceso ilimitado al material de estudio!<\/p>\n<p>&nbsp;<\/p>\n<p>INCLUIDO<\/p>\n<p>\u2013 Equipo de buceo (s\u00f3lo tr\u00e1ete el ba\u00f1ador y la toalla).<\/p>\n<p>\u2013 Todo el material did\u00e1ctico PADI para realizar el curso.<\/p>\n<p>\u2013 Seguro obligatorio.<\/p>\n<p>\u2013 Titulaci\u00f3n como buceador reconocido internacionalmente.<\/p>\n<p>&nbsp;<\/p>\n<p>PREREQUISITOS<\/p>\n<p>\u2013 Edad m\u00ednima 10 a\u00f1os<\/p>\n","protected":false},"excerpt":{"rendered":"<p>La certificaci\u00f3n PADI Open Water de PADI es el primer nivel de buceo, el certificado es reconocido mundialmente y al final del curso estar\u00e1s certificado para bucear a 18 metros de profundidad.<\/p>\n","protected":false},"featured_media":767,"comment_status":"open","ping_status":"closed","template":"","meta":[],"product_brand":[],"product_cat":[40],"product_tag":[],"class_list":{"0":"post-766","1":"product","2":"type-product","3":"status-publish","4":"has-post-thumbnail","6":"product_cat-iniciacion","8":"first","9":"instock","10":"shipping-taxable","11":"purchasable","12":"product-type-simple"},"post_mailing_queue_ids":[],"_links":{"self":[{"href":"https:\/\/cat.elultimocoral.es\/index.php\/wp-json\/wp\/v2\/product\/766","targetHints":{"allow":["GET"]}}],"collection":[{"href":"https:\/\/cat.elultimocoral.es\/index.php\/wp-json\/wp\/v2\/product"}],"about":[{"href":"https:\/\/cat.elultimocoral.es\/index.php\/wp-json\/wp\/v2\/types\/product"}],"replies":[{"embeddable":true,"href":"https:\/\/cat.elultimocoral.es\/index.php\/wp-json\/wp\/v2\/comments?post=766"}],"wp:featuredmedia":[{"embeddable":true,"href":"https:\/\/cat.elultimocoral.es\/index.php\/wp-json\/wp\/v2\/media\/767"}],"wp:attachment":[{"href":"https:\/\/cat.elultimocoral.es\/index.php\/wp-json\/wp\/v2\/media?parent=766"}],"wp:term":[{"taxonomy":"product_brand","embeddable":true,"href":"https:\/\/cat.elultimocoral.es\/index.php\/wp-json\/wp\/v2\/product_brand?post=766"},{"taxonomy":"product_cat","embeddable":true,"href":"https:\/\/cat.elultimocoral.es\/index.php\/wp-json\/wp\/v2\/product_cat?post=766"},{"taxonomy":"product_tag","embeddable":true,"href":"https:\/\/cat.elultimocoral.es\/index.php\/wp-json\/wp\/v2\/product_tag?post=766"}],"curies":[{"name":"wp","href":"https:\/\/api.w.org\/{rel}","templated":true}]}}