{"id":1214,"date":"2024-03-30T11:49:48","date_gmt":"2024-03-30T10:49:48","guid":{"rendered":"http:\/\/admin"},"modified":"2024-03-30T11:49:48","modified_gmt":"2024-03-30T10:49:48","slug":"discover-scuba-diving-2","status":"publish","type":"product","link":"https:\/\/cat.elultimocoral.es\/index.php\/producto\/discover-scuba-diving-2\/","title":{"rendered":"Discover Scuba Diving"},"content":{"rendered":"<p><strong>\u00bfNo est\u00e1s seguro de si el buceo es para ti?\u00a0<\/strong><\/p>\n<p>\u00a1La mejor manera de averiguarlo es probar un programa Discover Scuba Diving!<\/p>\n<p>Discover scuba diving es un programa dise\u00f1ado para experimentar el buceo sin convertirse en un buceador calificado. El programa comienza con una teor\u00eda b\u00e1sica del buceo y la pone en pr\u00e1ctica en inmersiones en aguas abiertas de hasta 12 metros de profundidad.<\/p>\n<p>Primero te explicaremos los principios b\u00e1sicos del buceo y realizaremos una encuesta m\u00e9dica de autoevaluaci\u00f3n. Luego entraremos al agua a una zona poco profunda donde el Instructor te guiar\u00e1 a trav\u00e9s del proceso de tomar tus primeras respiraciones bajo el agua con equipo de buceo, y tambi\u00e9n te ense\u00f1ar\u00e1 algunas habilidades subacu\u00e1ticas b\u00e1sicas.<\/p>\n<p>Una vez que te sientas c\u00f3modo y hayas tenido la oportunidad de nadar un poco, haremos una inmersi\u00f3n a no m\u00e1s de 12 metros de profundidad.<\/p>\n<p>Aunque este no es un curso de certificaci\u00f3n de buceo, aprender\u00e1s sobre muchas cosas que se necesitan para ser un buceador certificado PADI. Si te gust\u00f3 tu primera inmersi\u00f3n, es muy f\u00e1cil continuar y obtener tu certificaci\u00f3n PADI Open Water Diver.<\/p>\n<p><strong>DURACI\u00d3N<\/strong><\/p>\n<p>\u2013 2 Horas<\/p>\n<p><strong>INCLUIDO<\/strong><\/p>\n<p>\u2013 Briefing sobre el equipo de buceo<\/p>\n<p>\u2013 Equipo de buceo<\/p>\n<p>\u2013 Inmersiones.<\/p>\n<p>\u2013 Seguro obligatorio<\/p>\n<p><strong>PREREQUISITOS<\/strong><\/p>\n<p>\u2013 Edad m\u00ednima 10 a\u00f1os<\/p>\n<p>\u2013 Autorizaci\u00f3n de los padres\/tutores para menores de edad<\/p>\n<p>&nbsp;<\/p>\n","protected":false},"excerpt":{"rendered":"<p>Discover scuba diving es un programa dise\u00f1ado para experimentar el buceo sin convertirse en un buceador calificado.<\/p>\n","protected":false},"featured_media":1231,"comment_status":"open","ping_status":"closed","template":"","meta":[],"product_brand":[],"product_cat":[38],"product_tag":[],"class_list":{"0":"post-1214","1":"product","2":"type-product","3":"status-publish","4":"has-post-thumbnail","6":"product_cat-experiencias","8":"first","9":"instock","10":"shipping-taxable","11":"purchasable","12":"product-type-simple"},"post_mailing_queue_ids":[],"_links":{"self":[{"href":"https:\/\/cat.elultimocoral.es\/index.php\/wp-json\/wp\/v2\/product\/1214","targetHints":{"allow":["GET"]}}],"collection":[{"href":"https:\/\/cat.elultimocoral.es\/index.php\/wp-json\/wp\/v2\/product"}],"about":[{"href":"https:\/\/cat.elultimocoral.es\/index.php\/wp-json\/wp\/v2\/types\/product"}],"replies":[{"embeddable":true,"href":"https:\/\/cat.elultimocoral.es\/index.php\/wp-json\/wp\/v2\/comments?post=1214"}],"wp:featuredmedia":[{"embeddable":true,"href":"https:\/\/cat.elultimocoral.es\/index.php\/wp-json\/wp\/v2\/media\/1231"}],"wp:attachment":[{"href":"https:\/\/cat.elultimocoral.es\/index.php\/wp-json\/wp\/v2\/media?parent=1214"}],"wp:term":[{"taxonomy":"product_brand","embeddable":true,"href":"https:\/\/cat.elultimocoral.es\/index.php\/wp-json\/wp\/v2\/product_brand?post=1214"},{"taxonomy":"product_cat","embeddable":true,"href":"https:\/\/cat.elultimocoral.es\/index.php\/wp-json\/wp\/v2\/product_cat?post=1214"},{"taxonomy":"product_tag","embeddable":true,"href":"https:\/\/cat.elultimocoral.es\/index.php\/wp-json\/wp\/v2\/product_tag?post=1214"}],"curies":[{"name":"wp","href":"https:\/\/api.w.org\/{rel}","templated":true}]}}