{"id":1149,"date":"2024-03-30T11:49:40","date_gmt":"2024-03-30T10:49:40","guid":{"rendered":"https:\/\/cat.elultimocoral.es\/index.php\/programas-nins\/"},"modified":"2024-03-30T11:50:00","modified_gmt":"2024-03-30T10:50:00","slug":"programas-nins","status":"publish","type":"page","link":"https:\/\/cat.elultimocoral.es\/index.php\/programas-nins\/","title":{"rendered":"Programas Ni\u00f1@s"},"content":{"rendered":"\t\t<div data-elementor-type=\"wp-page\" data-elementor-id=\"1149\" class=\"elementor elementor-1149\">\n\t\t\t\t\t\t<section class=\"elementor-section elementor-top-section elementor-element elementor-element-15b946c elementor-section-full_width elementor-section-height-default elementor-section-height-default\" data-id=\"15b946c\" data-element_type=\"section\" data-e-type=\"section\" data-settings=\"{&quot;background_background&quot;:&quot;classic&quot;}\">\n\t\t\t\t\t\t<div class=\"elementor-container elementor-column-gap-default\">\n\t\t\t\t\t<div class=\"elementor-column elementor-col-100 elementor-top-column elementor-element elementor-element-1fd3bb9a elementor-invisible\" data-id=\"1fd3bb9a\" data-element_type=\"column\" data-e-type=\"column\" data-settings=\"{&quot;background_background&quot;:&quot;classic&quot;,&quot;animation&quot;:&quot;fadeIn&quot;}\">\n\t\t\t<div class=\"elementor-widget-wrap elementor-element-populated\">\n\t\t\t\t\t<div class=\"elementor-background-overlay\"><\/div>\n\t\t\t\t\t\t<section class=\"elementor-section elementor-inner-section elementor-element elementor-element-3fb7f41a elementor-section-boxed elementor-section-height-default elementor-section-height-default\" data-id=\"3fb7f41a\" data-element_type=\"section\" data-e-type=\"section\" data-settings=\"{&quot;background_background&quot;:&quot;classic&quot;}\">\n\t\t\t\t\t\t\t<div class=\"elementor-background-overlay\"><\/div>\n\t\t\t\t\t\t\t<div class=\"elementor-container elementor-column-gap-default\">\n\t\t\t\t\t<div class=\"elementor-column elementor-col-100 elementor-inner-column elementor-element elementor-element-33455ece elementor-invisible\" data-id=\"33455ece\" data-element_type=\"column\" data-e-type=\"column\" data-settings=\"{&quot;animation&quot;:&quot;fadeIn&quot;}\">\n\t\t\t<div class=\"elementor-widget-wrap elementor-element-populated\">\n\t\t\t\t\t\t<div class=\"elementor-element elementor-element-56456eca elementor-widget elementor-widget-heading\" data-id=\"56456eca\" data-element_type=\"widget\" data-e-type=\"widget\" data-widget_type=\"heading.default\">\n\t\t\t\t<div class=\"elementor-widget-container\">\n\t\t\t\t\t<h2 class=\"elementor-heading-title elementor-size-xl\">Programas Ni\u00f1@s<\/h2>\t\t\t\t<\/div>\n\t\t\t\t<\/div>\n\t\t\t\t\t<\/div>\n\t\t<\/div>\n\t\t\t\t\t<\/div>\n\t\t<\/section>\n\t\t\t\t\t<\/div>\n\t\t<\/div>\n\t\t\t\t\t<\/div>\n\t\t<\/section>\n\t\t\t\t<section class=\"elementor-section elementor-top-section elementor-element elementor-element-74e330d4 elementor-section-boxed elementor-section-height-default elementor-section-height-default\" data-id=\"74e330d4\" data-element_type=\"section\" data-e-type=\"section\" data-settings=\"{&quot;background_background&quot;:&quot;classic&quot;}\">\n\t\t\t\t\t\t<div class=\"elementor-container elementor-column-gap-default\">\n\t\t\t\t\t<div class=\"elementor-column elementor-col-100 elementor-top-column elementor-element elementor-element-75b442bf\" data-id=\"75b442bf\" data-element_type=\"column\" data-e-type=\"column\">\n\t\t\t<div class=\"elementor-widget-wrap elementor-element-populated\">\n\t\t\t\t\t\t<section class=\"elementor-section elementor-inner-section elementor-element elementor-element-2d10eb46 elementor-section-boxed elementor-section-height-default elementor-section-height-default\" data-id=\"2d10eb46\" data-element_type=\"section\" data-e-type=\"section\">\n\t\t\t\t\t\t<div class=\"elementor-container elementor-column-gap-default\">\n\t\t\t\t\t<div class=\"elementor-column elementor-col-100 elementor-inner-column elementor-element elementor-element-6321f81b\" data-id=\"6321f81b\" data-element_type=\"column\" data-e-type=\"column\">\n\t\t\t<div class=\"elementor-widget-wrap elementor-element-populated\">\n\t\t\t\t\t\t<div class=\"elementor-element elementor-element-401ae56b elementor-view-default elementor-widget elementor-widget-icon\" data-id=\"401ae56b\" data-element_type=\"widget\" data-e-type=\"widget\" data-widget_type=\"icon.default\">\n\t\t\t\t<div class=\"elementor-widget-container\">\n\t\t\t\t\t\t\t<div class=\"elementor-icon-wrapper\">\n\t\t\t<div class=\"elementor-icon\">\n\t\t\t<svg xmlns=\"http:\/\/www.w3.org\/2000\/svg\" id=\"Layer_1\" height=\"512\" viewBox=\"0 0 512 512\" width=\"512\"><g><path d=\"m501.484 61.001c-18.601 0-28.599 6.852-36.633 12.358-7.071 4.846-12.656 8.674-24.743 8.674-12.086 0-17.671-3.828-24.742-8.674-8.033-5.506-18.031-12.358-36.633-12.358-18.601 0-28.598 6.852-36.631 12.358-7.071 4.846-12.656 8.674-24.741 8.674s-17.669-3.828-24.74-8.674c-8.033-5.505-18.03-12.358-36.63-12.358s-28.596 6.852-36.629 12.358c-7.07 4.846-12.654 8.674-24.739 8.674-12.084 0-17.669-3.828-24.739-8.674-8.033-5.505-18.03-12.358-36.631-12.358-18.6 0-28.597 6.852-36.63 12.358-7.071 4.846-12.655 8.674-24.74 8.674-12.084 0-17.669-3.828-24.739-8.674-8.033-5.505-18.029-12.358-36.629-12.358-5.807 0-10.515 4.708-10.515 10.516s4.708 10.516 10.516 10.516c12.084 0 17.669 3.828 24.739 8.674 8.033 5.505 18.03 12.358 36.629 12.358 18.6 0 28.597-6.852 36.63-12.358 7.071-4.846 12.655-8.674 24.74-8.674s17.669 3.828 24.74 8.674c8.033 5.506 18.029 12.358 36.629 12.358s28.597-6.852 36.629-12.358c7.07-4.846 12.654-8.674 24.738-8.674 12.085 0 17.669 3.828 24.74 8.674 8.033 5.505 18.03 12.358 36.63 12.358 18.601 0 28.598-6.852 36.631-12.358 7.071-4.846 12.656-8.674 24.741-8.674 12.086 0 17.671 3.828 24.743 8.674 8.033 5.506 18.031 12.358 36.632 12.358s28.599-6.852 36.633-12.358c7.071-4.846 12.656-8.674 24.743-8.674 5.808 0 10.516-4.708 10.516-10.516s-4.707-10.516-10.515-10.516z\"><\/path><path d=\"m10.516 32.521c12.084 0 17.669 3.828 24.739 8.674 8.033 5.505 18.03 12.358 36.629 12.358 18.6 0 28.597-6.852 36.63-12.358 7.071-4.846 12.655-8.674 24.74-8.674s17.669 3.828 24.74 8.674c8.033 5.506 18.029 12.358 36.629 12.358s28.597-6.852 36.629-12.358c7.07-4.846 12.654-8.674 24.738-8.674 12.085 0 17.669 3.828 24.74 8.674 8.033 5.505 18.03 12.358 36.63 12.358 18.601 0 28.598-6.852 36.631-12.358 7.071-4.846 12.656-8.674 24.741-8.674 12.086 0 17.671 3.828 24.743 8.674 8.033 5.506 18.031 12.358 36.632 12.358s28.599-6.852 36.633-12.358c7.071-4.846 12.656-8.674 24.743-8.674 5.808 0 10.516-4.708 10.516-10.516s-4.708-10.516-10.516-10.516c-18.601 0-28.599 6.852-36.633 12.358-7.071 4.846-12.656 8.674-24.743 8.674-12.086 0-17.671-3.828-24.742-8.674-8.033-5.506-18.031-12.358-36.633-12.358-18.601 0-28.598 6.852-36.631 12.358-7.071 4.846-12.656 8.674-24.741 8.674s-17.669-3.828-24.74-8.674c-8.033-5.505-18.03-12.358-36.63-12.358s-28.596 6.852-36.629 12.358c-7.07 4.846-12.654 8.674-24.739 8.674-12.084 0-17.669-3.828-24.739-8.674-8.033-5.505-18.03-12.358-36.631-12.358-18.6 0-28.597 6.852-36.63 12.358-7.071 4.846-12.655 8.674-24.74 8.674-12.084 0-17.669-3.828-24.739-8.674-8.033-5.505-18.029-12.358-36.629-12.358-5.806 0-10.514 4.708-10.514 10.516s4.708 10.516 10.516 10.516z\"><\/path><path d=\"m495.979 465.17-51.647-34.578c7.327 9.722 8.524 23.284 1.962 34.426-1.964 3.335-4.459 6.163-7.309 8.45l35.518 23.779c8.828 5.91 20.826 3.587 26.777-5.3 5.93-8.858 3.557-20.846-5.301-26.777z\"><\/path><path d=\"m117.013 221.296c-8.224-9.373-22.491-10.302-31.862-2.077-8.296 7.279-9.963 19.285-4.537 28.448l62.715 3.616z\"><\/path><path d=\"m484.067 317.232c3.633 0 7.242.576 10.697 1.668-6.941-10.458-18.678-17.499-32.178-17.88-.385-.011-.767-.016-1.15-.016-21.545.001-39.31 17.156-39.923 38.831-.623 22.06 16.755 40.449 38.815 41.073.385.011.768.016 1.15.016.192 0 .38-.012.571-.014-5.955-4.651-10.26-11.054-12.327-18.468-2.557-9.168-1.391-18.783 3.284-27.074 6.308-11.186 18.21-18.135 31.061-18.136z\"><\/path><g><path d=\"m429.359 432.645-60.254-35.486 3.388-49.344 4.902 40.625 45.825 26.988-24.912-59.261 10.04-23.417c5.766-13.45-.462-29.027-13.912-34.794l-125.91-53.852c-13.288-5.683-28.211-6.205-41.861-1.46-22.869 7.95-52.445 18.232-64.425 22.398l-106.064-6.115c-12.451-.706-23.123 8.793-23.841 21.241-.717 12.449 8.793 23.123 21.242 23.841l110.543 6.373c3.022.172 5.968-.26 8.716-1.216l59.022-20.527-1.103.653-58.812 34.886 46.404 8.729-.001.002 106.815 45.796 8.821-33.536-4.206 61.245c-.501 7.293 3.162 14.243 9.461 17.953l70.532 41.539c9.143 5.386 20.993 2.39 26.426-6.836 5.41-9.185 2.349-21.016-6.836-26.425z\"><\/path><\/g><path d=\"m506.317 339.007-10.967-6.184c-3.573-2.015-7.454-2.971-11.282-2.971-8.036 0-15.84 4.216-20.068 11.715-6.243 11.072-2.328 25.108 8.743 31.35l10.968 6.184c2.157 1.217 4.892.453 6.108-1.703l18.202-32.283c1.216-2.158.453-4.892-1.704-6.108z\"><\/path><path d=\"m421.697 230.72-97.183-40.045c-14.078-5.801-30.194.909-35.995 14.988-5.801 14.078.909 30.194 14.987 35.995l97.183 40.045c14.078 5.801 30.194-.909 35.995-14.987 5.802-14.079-.908-30.195-14.987-35.996z\"><\/path><\/g><\/svg>\t\t\t<\/div>\n\t\t<\/div>\n\t\t\t\t\t\t<\/div>\n\t\t\t\t<\/div>\n\t\t\t\t<div class=\"elementor-element elementor-element-3fcdc5fd elementor-invisible elementor-widget elementor-widget-text-editor\" data-id=\"3fcdc5fd\" data-element_type=\"widget\" data-e-type=\"widget\" data-settings=\"{&quot;_animation&quot;:&quot;fadeIn&quot;,&quot;_animation_delay&quot;:100}\" data-widget_type=\"text-editor.default\">\n\t\t\t\t<div class=\"elementor-widget-container\">\n\t\t\t\t\t\t\t\t\t<p>Si tu hijo o hija tiene al menos 8 a\u00f1os, una forma divertida y emocionante de experimentar el buceo con equipo completo es inscribirse en un programa Bubblemaker o Seal Team.<\/p>\t\t\t\t\t\t\t\t<\/div>\n\t\t\t\t<\/div>\n\t\t\t\t\t<\/div>\n\t\t<\/div>\n\t\t\t\t\t<\/div>\n\t\t<\/section>\n\t\t\t\t<section class=\"elementor-section elementor-inner-section elementor-element elementor-element-5ee0696d elementor-section-boxed elementor-section-height-default elementor-section-height-default\" data-id=\"5ee0696d\" data-element_type=\"section\" data-e-type=\"section\">\n\t\t\t\t\t\t<div class=\"elementor-container elementor-column-gap-default\">\n\t\t\t\t\t<div class=\"elementor-column elementor-col-50 elementor-inner-column elementor-element elementor-element-1dc862d4 elementor-invisible\" data-id=\"1dc862d4\" data-element_type=\"column\" data-e-type=\"column\" data-settings=\"{&quot;background_background&quot;:&quot;classic&quot;,&quot;animation&quot;:&quot;fadeIn&quot;}\">\n\t\t\t<div class=\"elementor-widget-wrap elementor-element-populated\">\n\t\t\t\t\t\t<div class=\"elementor-element elementor-element-50598782 elementor-widget elementor-widget-image\" data-id=\"50598782\" data-element_type=\"widget\" data-e-type=\"widget\" data-widget_type=\"image.default\">\n\t\t\t\t<div class=\"elementor-widget-container\">\n\t\t\t\t\t\t\t\t\t\t\t\t\t\t\t<img fetchpriority=\"high\" decoding=\"async\" width=\"2560\" height=\"1941\" src=\"https:\/\/cat.elultimocoral.es\/wp-content\/uploads\/2024\/03\/Programa-Bubblemaker-scaled-1.jpg\" class=\"attachment-full size-full wp-image-693\" alt=\"\" srcset=\"https:\/\/cat.elultimocoral.es\/wp-content\/uploads\/2024\/03\/Programa-Bubblemaker-scaled-1.jpg 2560w, https:\/\/cat.elultimocoral.es\/wp-content\/uploads\/2024\/03\/Programa-Bubblemaker-scaled-1-600x455.jpg 600w, https:\/\/cat.elultimocoral.es\/wp-content\/uploads\/2024\/03\/Programa-Bubblemaker-scaled-1-300x227.jpg 300w, https:\/\/cat.elultimocoral.es\/wp-content\/uploads\/2024\/03\/Programa-Bubblemaker-scaled-1-1024x776.jpg 1024w, https:\/\/cat.elultimocoral.es\/wp-content\/uploads\/2024\/03\/Programa-Bubblemaker-scaled-1-768x582.jpg 768w, https:\/\/cat.elultimocoral.es\/wp-content\/uploads\/2024\/03\/Programa-Bubblemaker-scaled-1-1536x1165.jpg 1536w, https:\/\/cat.elultimocoral.es\/wp-content\/uploads\/2024\/03\/Programa-Bubblemaker-scaled-1-2048x1553.jpg 2048w\" sizes=\"(max-width: 709px) 85vw, (max-width: 909px) 67vw, (max-width: 1362px) 62vw, 840px\" \/>\t\t\t\t\t\t\t\t\t\t\t\t\t\t\t<\/div>\n\t\t\t\t<\/div>\n\t\t\t\t<div class=\"elementor-element elementor-element-7e5bbc75 elementor-widget elementor-widget-heading\" data-id=\"7e5bbc75\" data-element_type=\"widget\" data-e-type=\"widget\" data-widget_type=\"heading.default\">\n\t\t\t\t<div class=\"elementor-widget-container\">\n\t\t\t\t\t<h3 class=\"elementor-heading-title elementor-size-default\">Programa Bubblemaker<\/h3>\t\t\t\t<\/div>\n\t\t\t\t<\/div>\n\t\t\t\t<div class=\"elementor-element elementor-element-1b78f2b3 elementor-widget elementor-widget-text-editor\" data-id=\"1b78f2b3\" data-element_type=\"widget\" data-e-type=\"widget\" data-widget_type=\"text-editor.default\">\n\t\t\t\t<div class=\"elementor-widget-container\">\n\t\t\t\t\t\t\t\t\t<p>Bubblemaker es tan divertido&nbsp;<span style=\"font-weight: 400; letter-spacing: 0.025em;\">como suena; una oportunidad para&nbsp;<\/span><span style=\"font-weight: 400; letter-spacing: 0.025em;\">que los ni\u00f1os suelten burbujas buceando.<\/span><\/p>\n<p>A partir de 8 a\u00f1os.<\/p>\n<p><\/p>\t\t\t\t\t\t\t\t<\/div>\n\t\t\t\t<\/div>\n\t\t\t\t<div class=\"elementor-element elementor-element-c99c609 elementor-align-center elementor-widget elementor-widget-button\" data-id=\"c99c609\" data-element_type=\"widget\" data-e-type=\"widget\" data-widget_type=\"button.default\">\n\t\t\t\t<div class=\"elementor-widget-container\">\n\t\t\t\t\t\t\t\t\t<div class=\"elementor-button-wrapper\">\n\t\t\t\t\t<a class=\"elementor-button elementor-button-link elementor-size-sm\" href=\"https:\/\/elultimocoral.es\/bubblemaker\/\">\n\t\t\t\t\t\t<span class=\"elementor-button-content-wrapper\">\n\t\t\t\t\t\t\t\t\t<span class=\"elementor-button-text\">M\u00e1s Informaci\u00f3n<\/span>\n\t\t\t\t\t<\/span>\n\t\t\t\t\t<\/a>\n\t\t\t\t<\/div>\n\t\t\t\t\t\t\t\t<\/div>\n\t\t\t\t<\/div>\n\t\t\t\t\t<\/div>\n\t\t<\/div>\n\t\t\t\t<div class=\"elementor-column elementor-col-50 elementor-inner-column elementor-element elementor-element-7023c6ae elementor-invisible\" data-id=\"7023c6ae\" data-element_type=\"column\" data-e-type=\"column\" data-settings=\"{&quot;background_background&quot;:&quot;classic&quot;,&quot;animation&quot;:&quot;fadeIn&quot;,&quot;animation_delay&quot;:100}\">\n\t\t\t<div class=\"elementor-widget-wrap elementor-element-populated\">\n\t\t\t\t\t\t<div class=\"elementor-element elementor-element-2e404eb5 elementor-widget elementor-widget-image\" data-id=\"2e404eb5\" data-element_type=\"widget\" data-e-type=\"widget\" data-widget_type=\"image.default\">\n\t\t\t\t<div class=\"elementor-widget-container\">\n\t\t\t\t\t\t\t\t\t\t\t\t\t\t\t<img decoding=\"async\" width=\"2250\" height=\"1749\" src=\"https:\/\/cat.elultimocoral.es\/wp-content\/uploads\/2024\/03\/PADI-Seal-Team.jpg\" class=\"attachment-full size-full wp-image-694\" alt=\"\" srcset=\"https:\/\/cat.elultimocoral.es\/wp-content\/uploads\/2024\/03\/PADI-Seal-Team.jpg 2250w, https:\/\/cat.elultimocoral.es\/wp-content\/uploads\/2024\/03\/PADI-Seal-Team-600x466.jpg 600w, https:\/\/cat.elultimocoral.es\/wp-content\/uploads\/2024\/03\/PADI-Seal-Team-300x233.jpg 300w, https:\/\/cat.elultimocoral.es\/wp-content\/uploads\/2024\/03\/PADI-Seal-Team-1024x796.jpg 1024w, https:\/\/cat.elultimocoral.es\/wp-content\/uploads\/2024\/03\/PADI-Seal-Team-768x597.jpg 768w, https:\/\/cat.elultimocoral.es\/wp-content\/uploads\/2024\/03\/PADI-Seal-Team-1536x1194.jpg 1536w, https:\/\/cat.elultimocoral.es\/wp-content\/uploads\/2024\/03\/PADI-Seal-Team-2048x1592.jpg 2048w\" sizes=\"(max-width: 709px) 85vw, (max-width: 909px) 67vw, (max-width: 1362px) 62vw, 840px\" \/>\t\t\t\t\t\t\t\t\t\t\t\t\t\t\t<\/div>\n\t\t\t\t<\/div>\n\t\t\t\t<div class=\"elementor-element elementor-element-3a492e0e elementor-widget elementor-widget-heading\" data-id=\"3a492e0e\" data-element_type=\"widget\" data-e-type=\"widget\" data-widget_type=\"heading.default\">\n\t\t\t\t<div class=\"elementor-widget-container\">\n\t\t\t\t\t<h3 class=\"elementor-heading-title elementor-size-default\">PADI Seal Team <\/h3>\t\t\t\t<\/div>\n\t\t\t\t<\/div>\n\t\t\t\t<div class=\"elementor-element elementor-element-547c8106 elementor-widget elementor-widget-text-editor\" data-id=\"547c8106\" data-element_type=\"widget\" data-e-type=\"widget\" data-widget_type=\"text-editor.default\">\n\t\t\t\t<div class=\"elementor-widget-container\">\n\t\t\t\t\t\t\t\t\t<p>El PADI Seal Team es para\u00a0<span style=\"font-weight: 400; letter-spacing: 0.025em;\">buceadores j\u00f3venes que buscan un\u00a0<\/span><span style=\"font-weight: 400; letter-spacing: 0.025em;\">paquete de diversi\u00f3n en una\u00a0<\/span><span style=\"font-weight: 400; letter-spacing: 0.025em;\">piscina completando<\/span><\/p><p>emocionantes AquaMissions.<\/p><p>A partir de 8 a\u00f1os.<\/p><p>\u00a0<\/p><p>\u00a0<\/p>\t\t\t\t\t\t\t\t<\/div>\n\t\t\t\t<\/div>\n\t\t\t\t<div class=\"elementor-element elementor-element-2ab60598 elementor-align-center elementor-widget elementor-widget-button\" data-id=\"2ab60598\" data-element_type=\"widget\" data-e-type=\"widget\" data-widget_type=\"button.default\">\n\t\t\t\t<div class=\"elementor-widget-container\">\n\t\t\t\t\t\t\t\t\t<div class=\"elementor-button-wrapper\">\n\t\t\t\t\t<a class=\"elementor-button elementor-button-link elementor-size-sm\" href=\"https:\/\/elultimocoral.es\/padi-seal-team\/\">\n\t\t\t\t\t\t<span class=\"elementor-button-content-wrapper\">\n\t\t\t\t\t\t\t\t\t<span class=\"elementor-button-text\">M\u00e1s Informaci\u00f3n<\/span>\n\t\t\t\t\t<\/span>\n\t\t\t\t\t<\/a>\n\t\t\t\t<\/div>\n\t\t\t\t\t\t\t\t<\/div>\n\t\t\t\t<\/div>\n\t\t\t\t\t<\/div>\n\t\t<\/div>\n\t\t\t\t\t<\/div>\n\t\t<\/section>\n\t\t\t\t\t<\/div>\n\t\t<\/div>\n\t\t\t\t\t<\/div>\n\t\t<\/section>\n\t\t\t\t<section class=\"elementor-section elementor-top-section elementor-element elementor-element-73e54c39 elementor-section-full_width elementor-section-height-default elementor-section-height-default elementor-invisible\" data-id=\"73e54c39\" data-element_type=\"section\" data-e-type=\"section\" data-settings=\"{&quot;animation&quot;:&quot;fadeIn&quot;,&quot;background_background&quot;:&quot;classic&quot;}\">\n\t\t\t\t\t\t<div class=\"elementor-container elementor-column-gap-default\">\n\t\t\t\t\t<div class=\"elementor-column elementor-col-50 elementor-top-column elementor-element elementor-element-47404070\" data-id=\"47404070\" data-element_type=\"column\" data-e-type=\"column\" data-settings=\"{&quot;background_background&quot;:&quot;gradient&quot;,&quot;animation&quot;:&quot;none&quot;}\">\n\t\t\t<div class=\"elementor-widget-wrap elementor-element-populated\">\n\t\t\t\t\t\t<div class=\"elementor-element elementor-element-669245ae elementor-invisible elementor-widget elementor-widget-heading\" data-id=\"669245ae\" data-element_type=\"widget\" data-e-type=\"widget\" data-settings=\"{&quot;_animation&quot;:&quot;fadeIn&quot;,&quot;_animation_delay&quot;:200}\" data-widget_type=\"heading.default\">\n\t\t\t\t<div class=\"elementor-widget-container\">\n\t\t\t\t\t<h2 class=\"elementor-heading-title elementor-size-default\">PREPARADO PARA EL SIGUIENTE NIVEL<\/h2>\t\t\t\t<\/div>\n\t\t\t\t<\/div>\n\t\t\t\t<div class=\"elementor-element elementor-element-3e3083b2 elementor-invisible elementor-widget elementor-widget-text-editor\" data-id=\"3e3083b2\" data-element_type=\"widget\" data-e-type=\"widget\" data-settings=\"{&quot;_animation&quot;:&quot;fadeIn&quot;,&quot;_animation_delay&quot;:300}\" data-widget_type=\"text-editor.default\">\n\t\t\t\t<div class=\"elementor-widget-container\">\n\t\t\t\t\t\t\t\t\t<p>Los ni\u00f1os de 10 a\u00f1os o mayores pueden seguir un curso de Buceador (<strong>Open Water Diver<\/strong>) y conseguir la certificaci\u00f3n Junior Open Water Diver (Buceador de aguas abiertas Junior)<\/p>\t\t\t\t\t\t\t\t<\/div>\n\t\t\t\t<\/div>\n\t\t\t\t<div class=\"elementor-element elementor-element-29b74f72 elementor-align-center elementor-widget__width-auto elementor-mobile-align-justify elementor-widget-mobile__width-inherit elementor-invisible elementor-widget elementor-widget-button\" data-id=\"29b74f72\" data-element_type=\"widget\" data-e-type=\"widget\" data-settings=\"{&quot;_animation&quot;:&quot;fadeIn&quot;,&quot;_animation_delay&quot;:400}\" data-widget_type=\"button.default\">\n\t\t\t\t<div class=\"elementor-widget-container\">\n\t\t\t\t\t\t\t\t\t<div class=\"elementor-button-wrapper\">\n\t\t\t\t\t<a class=\"elementor-button elementor-button-link elementor-size-sm\" href=\"https:\/\/elultimocoral.es\/contacts\/\">\n\t\t\t\t\t\t<span class=\"elementor-button-content-wrapper\">\n\t\t\t\t\t\t\t\t\t<span class=\"elementor-button-text\">M\u00e1s Informaci\u00f3n<\/span>\n\t\t\t\t\t<\/span>\n\t\t\t\t\t<\/a>\n\t\t\t\t<\/div>\n\t\t\t\t\t\t\t\t<\/div>\n\t\t\t\t<\/div>\n\t\t\t\t\t<\/div>\n\t\t<\/div>\n\t\t\t\t<div class=\"elementor-column elementor-col-50 elementor-top-column elementor-element elementor-element-f9c8514\" data-id=\"f9c8514\" data-element_type=\"column\" data-e-type=\"column\" data-settings=\"{&quot;background_background&quot;:&quot;classic&quot;,&quot;animation&quot;:&quot;none&quot;}\">\n\t\t\t<div class=\"elementor-widget-wrap elementor-element-populated\">\n\t\t\t\t\t\t<div class=\"elementor-element elementor-element-4b131db9 elementor-widget elementor-widget-spacer\" data-id=\"4b131db9\" data-element_type=\"widget\" data-e-type=\"widget\" data-widget_type=\"spacer.default\">\n\t\t\t\t<div class=\"elementor-widget-container\">\n\t\t\t\t\t\t\t<div class=\"elementor-spacer\">\n\t\t\t<div class=\"elementor-spacer-inner\"><\/div>\n\t\t<\/div>\n\t\t\t\t\t\t<\/div>\n\t\t\t\t<\/div>\n\t\t\t\t\t<\/div>\n\t\t<\/div>\n\t\t\t\t\t<\/div>\n\t\t<\/section>\n\t\t\t\t<\/div>\n\t\t","protected":false},"excerpt":{"rendered":"<p>Programas Ni\u00f1@s Si tu hijo o hija tiene al menos 8 a\u00f1os, una forma divertida y emocionante de experimentar el buceo con equipo completo es inscribirse en un programa Bubblemaker o Seal Team. Programa Bubblemaker Bubblemaker es tan divertido&nbsp;como suena; una oportunidad para&nbsp;que los ni\u00f1os suelten burbujas buceando. A partir de 8 a\u00f1os. M\u00e1s Informaci\u00f3n &hellip; <a href=\"https:\/\/cat.elultimocoral.es\/index.php\/programas-nins\/\" class=\"more-link\">Continue reading<span class=\"screen-reader-text\"> &#8220;Programas Ni\u00f1@s&#8221;<\/span><\/a><\/p>\n","protected":false},"author":1,"featured_media":0,"parent":0,"menu_order":0,"comment_status":"closed","ping_status":"closed","template":"elementor_header_footer","meta":{"footnotes":""},"class_list":["post-1149","page","type-page","status-publish","hentry"],"post_mailing_queue_ids":[],"_links":{"self":[{"href":"https:\/\/cat.elultimocoral.es\/index.php\/wp-json\/wp\/v2\/pages\/1149","targetHints":{"allow":["GET"]}}],"collection":[{"href":"https:\/\/cat.elultimocoral.es\/index.php\/wp-json\/wp\/v2\/pages"}],"about":[{"href":"https:\/\/cat.elultimocoral.es\/index.php\/wp-json\/wp\/v2\/types\/page"}],"author":[{"embeddable":true,"href":"https:\/\/cat.elultimocoral.es\/index.php\/wp-json\/wp\/v2\/users\/1"}],"replies":[{"embeddable":true,"href":"https:\/\/cat.elultimocoral.es\/index.php\/wp-json\/wp\/v2\/comments?post=1149"}],"version-history":[{"count":4,"href":"https:\/\/cat.elultimocoral.es\/index.php\/wp-json\/wp\/v2\/pages\/1149\/revisions"}],"predecessor-version":[{"id":1330,"href":"https:\/\/cat.elultimocoral.es\/index.php\/wp-json\/wp\/v2\/pages\/1149\/revisions\/1330"}],"wp:attachment":[{"href":"https:\/\/cat.elultimocoral.es\/index.php\/wp-json\/wp\/v2\/media?parent=1149"}],"curies":[{"name":"wp","href":"https:\/\/api.w.org\/{rel}","templated":true}]}}