{"id":1146,"date":"2024-03-30T11:49:40","date_gmt":"2024-03-30T10:49:40","guid":{"rendered":"https:\/\/cat.elultimocoral.es\/index.php\/bubblemaker\/"},"modified":"2024-03-30T11:50:00","modified_gmt":"2024-03-30T10:50:00","slug":"bubblemaker","status":"publish","type":"page","link":"https:\/\/cat.elultimocoral.es\/index.php\/bubblemaker\/","title":{"rendered":"BubbleMaker"},"content":{"rendered":"\t\t<div data-elementor-type=\"wp-page\" data-elementor-id=\"1146\" class=\"elementor elementor-1146\">\n\t\t\t\t\t\t<section class=\"elementor-section elementor-top-section elementor-element elementor-element-11154311 elementor-section-full_width elementor-section-height-default elementor-section-height-default\" data-id=\"11154311\" data-element_type=\"section\" data-e-type=\"section\" data-settings=\"{&quot;background_background&quot;:&quot;classic&quot;}\">\n\t\t\t\t\t\t<div class=\"elementor-container elementor-column-gap-default\">\n\t\t\t\t\t<div class=\"elementor-column elementor-col-100 elementor-top-column elementor-element elementor-element-4d63546f elementor-invisible\" data-id=\"4d63546f\" data-element_type=\"column\" data-e-type=\"column\" data-settings=\"{&quot;animation&quot;:&quot;fadeIn&quot;}\">\n\t\t\t<div class=\"elementor-widget-wrap elementor-element-populated\">\n\t\t\t\t\t\t<section class=\"elementor-section elementor-inner-section elementor-element elementor-element-2290a2b7 elementor-section-boxed elementor-section-height-default elementor-section-height-default\" data-id=\"2290a2b7\" data-element_type=\"section\" data-e-type=\"section\" data-settings=\"{&quot;background_background&quot;:&quot;classic&quot;}\">\n\t\t\t\t\t\t\t<div class=\"elementor-background-overlay\"><\/div>\n\t\t\t\t\t\t\t<div class=\"elementor-container elementor-column-gap-default\">\n\t\t\t\t\t<div class=\"elementor-column elementor-col-100 elementor-inner-column elementor-element elementor-element-702425c3 elementor-invisible\" data-id=\"702425c3\" data-element_type=\"column\" data-e-type=\"column\" data-settings=\"{&quot;animation&quot;:&quot;fadeIn&quot;}\">\n\t\t\t<div class=\"elementor-widget-wrap elementor-element-populated\">\n\t\t\t\t\t\t<div class=\"elementor-element elementor-element-5d9b91d1 elementor-widget elementor-widget-heading\" data-id=\"5d9b91d1\" data-element_type=\"widget\" data-e-type=\"widget\" data-widget_type=\"heading.default\">\n\t\t\t\t<div class=\"elementor-widget-container\">\n\t\t\t\t\t<h2 class=\"elementor-heading-title elementor-size-xl\">BubbleMaker<\/h2>\t\t\t\t<\/div>\n\t\t\t\t<\/div>\n\t\t\t\t\t<\/div>\n\t\t<\/div>\n\t\t\t\t\t<\/div>\n\t\t<\/section>\n\t\t\t\t\t<\/div>\n\t\t<\/div>\n\t\t\t\t\t<\/div>\n\t\t<\/section>\n\t\t\t\t<section class=\"elementor-section elementor-top-section elementor-element elementor-element-6785c6b7 elementor-section-boxed elementor-section-height-default elementor-section-height-default\" data-id=\"6785c6b7\" data-element_type=\"section\" data-e-type=\"section\" data-settings=\"{&quot;background_background&quot;:&quot;classic&quot;}\">\n\t\t\t\t\t\t<div class=\"elementor-container elementor-column-gap-default\">\n\t\t\t\t\t<div class=\"elementor-column elementor-col-100 elementor-top-column elementor-element elementor-element-2debf5a\" data-id=\"2debf5a\" data-element_type=\"column\" data-e-type=\"column\">\n\t\t\t<div class=\"elementor-widget-wrap elementor-element-populated\">\n\t\t\t\t\t\t<section class=\"elementor-section elementor-inner-section elementor-element elementor-element-14d1b26 elementor-section-boxed elementor-section-height-default elementor-section-height-default\" data-id=\"14d1b26\" data-element_type=\"section\" data-e-type=\"section\">\n\t\t\t\t\t\t<div class=\"elementor-container elementor-column-gap-default\">\n\t\t\t\t\t<div class=\"elementor-column elementor-col-100 elementor-inner-column elementor-element elementor-element-1fb7829f elementor-invisible\" data-id=\"1fb7829f\" data-element_type=\"column\" data-e-type=\"column\" data-settings=\"{&quot;background_background&quot;:&quot;classic&quot;,&quot;animation&quot;:&quot;fadeIn&quot;}\">\n\t\t\t<div class=\"elementor-widget-wrap elementor-element-populated\">\n\t\t\t\t\t\t<div class=\"elementor-element elementor-element-354fd999 elementor-widget elementor-widget-text-editor\" data-id=\"354fd999\" data-element_type=\"widget\" data-e-type=\"widget\" data-widget_type=\"text-editor.default\">\n\t\t\t\t<div class=\"elementor-widget-container\">\n\t\t\t\t\t\t\t\t\t<p style=\"text-align: left;\">Bubblemaker es un programa divertido dise\u00f1ado para que los ni\u00f1os experimenten c\u00f3mo es hacer burbujas buceando.&nbsp;Tambi\u00e9n es la forma m\u00e1s segura y f\u00e1cil de iniciar a los ni\u00f1os en el buceo.&nbsp;&nbsp;<\/p><p style=\"text-align: left;\"><br><\/p>\n<p style=\"text-align: left;\"><span style=\"font-weight: 400; letter-spacing: 0.025em; text-align: center;\">Los ni\u00f1os que se unen al programa Bubblemaker deben tener un m\u00ednimo de 8 a\u00f1os, sentirse c\u00f3modos en el agua, pero no necesariamente tienen que ser buenos nadadores.<\/span><\/p>\n<p style=\"text-align: left;\"><span style=\"font-weight: 400; letter-spacing: 0.025em; text-align: center;\">&nbsp;<\/span><\/p>\n<p style=\"text-align: left;\"><span style=\"font-weight: 400; letter-spacing: 0.025em; text-align: center;\">Los ni\u00f1os pueden usar equipo de buceo que incluye m\u00e1scara de buceo, aletas, botella de buceo, chaleco, regulador de buceo para respirar bajo el agua y nadar en aguas poco profundas de no m\u00e1s de 2 metros de profundidad.&nbsp;Nuestro instructor les ense\u00f1ar\u00e1 las habilidades de compensaci\u00f3n, limpieza de mascarillas y reguladores.<\/span><\/p>\n<p style=\"text-align: left;\"><span style=\"font-weight: 400; letter-spacing: 0.025em; text-align: center;\">&nbsp;<\/span><\/p>\n<p style=\"text-align: left;\"><span style=\"font-weight: 400; letter-spacing: 0.025em; text-align: center;\">El programa est\u00e1 bajo el cuidado y la supervisi\u00f3n directa de nuestros instructores PADI y se llevar\u00e1 a cabo en la piscina de entrenamiento.&nbsp;\u00a1El programa es seguro, f\u00e1cil y lo m\u00e1s importante, divertido!<\/span><\/p>\n<p style=\"text-align: left;\"><span style=\"font-weight: 400; letter-spacing: 0.025em; text-align: center;\">&nbsp;<\/span><\/p>\n<p style=\"text-align: left;\"><span style=\"font-weight: 400; letter-spacing: 0.025em; text-align: center;\">DURACI\u00d3N<\/span><\/p>\n<p style=\"text-align: left;\"><span style=\"font-family: 'Josefin Sans', ';\">&#8211; 2 Horas<\/span><\/p>\n<p style=\"text-align: left;\"><span style=\"font-weight: 400; letter-spacing: 0.025em; text-align: center;\">&nbsp;<\/span><\/p>\n<p style=\"text-align: left;\">QUE APRENDERAS<\/p>\n<p style=\"text-align: left;\">&#8211; Aprender a usar el equipo de buceo<\/p>\n<p style=\"text-align: left;\">&#8211; Experimentar el buceo<\/p>\n<p style=\"text-align: left;\">&#8211; Bucear a 2 metros de profundidad<\/p><p style=\"text-align: left;\"><br><\/p>\n<p style=\"text-align: left;\">INCLUIDO<\/p>\n<p style=\"text-align: left;\">&#8211; Equipo de buceo<\/p>\n<p style=\"text-align: left;\">&#8211; Seguro obligatorio<\/p>\n<p style=\"text-align: left;\">&#8211; Certificado Bubblemaker<\/p><p style=\"text-align: left;\"><br><\/p>\n<p style=\"text-align: left;\">PREREQUISITOS<\/p>\n<p style=\"text-align: left;\">&#8211; Edad m\u00ednima 8 a\u00f1os<\/p>\n<p style=\"text-align: left;\">&#8211; Como en el agua<\/p>\n<p style=\"text-align: left;\">&#8211; Autorizaci\u00f3n de los padres\/tutores<\/p>\n<p style=\"text-align: left;\"><span style=\"font-weight: 400; letter-spacing: 0.025em; text-align: center;\">&nbsp;<\/span><\/p>\t\t\t\t\t\t\t\t<\/div>\n\t\t\t\t<\/div>\n\t\t\t\t<div class=\"elementor-element elementor-element-1d77f7f5 elementor-align-center elementor-widget elementor-widget-button\" data-id=\"1d77f7f5\" data-element_type=\"widget\" data-e-type=\"widget\" data-widget_type=\"button.default\">\n\t\t\t\t<div class=\"elementor-widget-container\">\n\t\t\t\t\t\t\t\t\t<div class=\"elementor-button-wrapper\">\n\t\t\t\t\t<a class=\"elementor-button elementor-button-link elementor-size-sm\" href=\"https:\/\/elultimocoral.es\/formulario-cursos\/\">\n\t\t\t\t\t\t<span class=\"elementor-button-content-wrapper\">\n\t\t\t\t\t\t\t\t\t<span class=\"elementor-button-text\">M\u00e1s Informaci\u00f3n<\/span>\n\t\t\t\t\t<\/span>\n\t\t\t\t\t<\/a>\n\t\t\t\t<\/div>\n\t\t\t\t\t\t\t\t<\/div>\n\t\t\t\t<\/div>\n\t\t\t\t\t<\/div>\n\t\t<\/div>\n\t\t\t\t\t<\/div>\n\t\t<\/section>\n\t\t\t\t\t<\/div>\n\t\t<\/div>\n\t\t\t\t\t<\/div>\n\t\t<\/section>\n\t\t\t\t<section class=\"elementor-section elementor-top-section elementor-element elementor-element-9cecc95 elementor-section-full_width elementor-section-height-default elementor-section-height-default elementor-invisible\" data-id=\"9cecc95\" data-element_type=\"section\" data-e-type=\"section\" data-settings=\"{&quot;animation&quot;:&quot;fadeIn&quot;,&quot;background_background&quot;:&quot;classic&quot;}\">\n\t\t\t\t\t\t<div class=\"elementor-container elementor-column-gap-default\">\n\t\t\t\t\t<div class=\"elementor-column elementor-col-50 elementor-top-column elementor-element elementor-element-2d13f1dd\" data-id=\"2d13f1dd\" data-element_type=\"column\" data-e-type=\"column\" data-settings=\"{&quot;background_background&quot;:&quot;gradient&quot;,&quot;animation&quot;:&quot;none&quot;}\">\n\t\t\t<div class=\"elementor-widget-wrap elementor-element-populated\">\n\t\t\t\t\t\t<div class=\"elementor-element elementor-element-74c457b2 elementor-invisible elementor-widget elementor-widget-heading\" data-id=\"74c457b2\" data-element_type=\"widget\" data-e-type=\"widget\" data-settings=\"{&quot;_animation&quot;:&quot;fadeIn&quot;,&quot;_animation_delay&quot;:200}\" data-widget_type=\"heading.default\">\n\t\t\t\t<div class=\"elementor-widget-container\">\n\t\t\t\t\t<h2 class=\"elementor-heading-title elementor-size-default\">PREPARADO PARA EL SIGUIENTE NIVEL<\/h2>\t\t\t\t<\/div>\n\t\t\t\t<\/div>\n\t\t\t\t<div class=\"elementor-element elementor-element-26b97888 elementor-invisible elementor-widget elementor-widget-text-editor\" data-id=\"26b97888\" data-element_type=\"widget\" data-e-type=\"widget\" data-settings=\"{&quot;_animation&quot;:&quot;fadeIn&quot;,&quot;_animation_delay&quot;:300}\" data-widget_type=\"text-editor.default\">\n\t\t\t\t<div class=\"elementor-widget-container\">\n\t\t\t\t\t\t\t\t\t<p>Los ni\u00f1os de 10 a\u00f1os o mayores pueden seguir un curso de Buceador (<strong>Open Water Diver<\/strong>) y conseguir la certificaci\u00f3n Junior Open Water Diver (Buceador de aguas abiertas Junior)<\/p>\t\t\t\t\t\t\t\t<\/div>\n\t\t\t\t<\/div>\n\t\t\t\t<div class=\"elementor-element elementor-element-32e31def elementor-align-center elementor-widget__width-auto elementor-mobile-align-justify elementor-widget-mobile__width-inherit elementor-invisible elementor-widget elementor-widget-button\" data-id=\"32e31def\" data-element_type=\"widget\" data-e-type=\"widget\" data-settings=\"{&quot;_animation&quot;:&quot;fadeIn&quot;,&quot;_animation_delay&quot;:400}\" data-widget_type=\"button.default\">\n\t\t\t\t<div class=\"elementor-widget-container\">\n\t\t\t\t\t\t\t\t\t<div class=\"elementor-button-wrapper\">\n\t\t\t\t\t<a class=\"elementor-button elementor-button-link elementor-size-sm\" href=\"https:\/\/elultimocoral.es\/contacts\/\">\n\t\t\t\t\t\t<span class=\"elementor-button-content-wrapper\">\n\t\t\t\t\t\t\t\t\t<span class=\"elementor-button-text\">M\u00e1s Informaci\u00f3n<\/span>\n\t\t\t\t\t<\/span>\n\t\t\t\t\t<\/a>\n\t\t\t\t<\/div>\n\t\t\t\t\t\t\t\t<\/div>\n\t\t\t\t<\/div>\n\t\t\t\t\t<\/div>\n\t\t<\/div>\n\t\t\t\t<div class=\"elementor-column elementor-col-50 elementor-top-column elementor-element elementor-element-44e33b2a\" data-id=\"44e33b2a\" data-element_type=\"column\" data-e-type=\"column\" data-settings=\"{&quot;background_background&quot;:&quot;classic&quot;,&quot;animation&quot;:&quot;none&quot;}\">\n\t\t\t<div class=\"elementor-widget-wrap elementor-element-populated\">\n\t\t\t\t\t\t<div class=\"elementor-element elementor-element-41205b10 elementor-widget elementor-widget-spacer\" data-id=\"41205b10\" data-element_type=\"widget\" data-e-type=\"widget\" data-widget_type=\"spacer.default\">\n\t\t\t\t<div class=\"elementor-widget-container\">\n\t\t\t\t\t\t\t<div class=\"elementor-spacer\">\n\t\t\t<div class=\"elementor-spacer-inner\"><\/div>\n\t\t<\/div>\n\t\t\t\t\t\t<\/div>\n\t\t\t\t<\/div>\n\t\t\t\t\t<\/div>\n\t\t<\/div>\n\t\t\t\t\t<\/div>\n\t\t<\/section>\n\t\t\t\t<\/div>\n\t\t","protected":false},"excerpt":{"rendered":"<p>BubbleMaker Bubblemaker es un programa divertido dise\u00f1ado para que los ni\u00f1os experimenten c\u00f3mo es hacer burbujas buceando.&nbsp;Tambi\u00e9n es la forma m\u00e1s segura y f\u00e1cil de iniciar a los ni\u00f1os en el buceo.&nbsp;&nbsp; Los ni\u00f1os que se unen al programa Bubblemaker deben tener un m\u00ednimo de 8 a\u00f1os, sentirse c\u00f3modos en el agua, pero no necesariamente &hellip; <a href=\"https:\/\/cat.elultimocoral.es\/index.php\/bubblemaker\/\" class=\"more-link\">Continue reading<span class=\"screen-reader-text\"> &#8220;BubbleMaker&#8221;<\/span><\/a><\/p>\n","protected":false},"author":1,"featured_media":0,"parent":0,"menu_order":0,"comment_status":"closed","ping_status":"closed","template":"elementor_header_footer","meta":{"footnotes":""},"class_list":["post-1146","page","type-page","status-publish","hentry"],"post_mailing_queue_ids":[],"_links":{"self":[{"href":"https:\/\/cat.elultimocoral.es\/index.php\/wp-json\/wp\/v2\/pages\/1146","targetHints":{"allow":["GET"]}}],"collection":[{"href":"https:\/\/cat.elultimocoral.es\/index.php\/wp-json\/wp\/v2\/pages"}],"about":[{"href":"https:\/\/cat.elultimocoral.es\/index.php\/wp-json\/wp\/v2\/types\/page"}],"author":[{"embeddable":true,"href":"https:\/\/cat.elultimocoral.es\/index.php\/wp-json\/wp\/v2\/users\/1"}],"replies":[{"embeddable":true,"href":"https:\/\/cat.elultimocoral.es\/index.php\/wp-json\/wp\/v2\/comments?post=1146"}],"version-history":[{"count":4,"href":"https:\/\/cat.elultimocoral.es\/index.php\/wp-json\/wp\/v2\/pages\/1146\/revisions"}],"predecessor-version":[{"id":1328,"href":"https:\/\/cat.elultimocoral.es\/index.php\/wp-json\/wp\/v2\/pages\/1146\/revisions\/1328"}],"wp:attachment":[{"href":"https:\/\/cat.elultimocoral.es\/index.php\/wp-json\/wp\/v2\/media?parent=1146"}],"curies":[{"name":"wp","href":"https:\/\/api.w.org\/{rel}","templated":true}]}}