{"id":1140,"date":"2024-03-30T11:49:40","date_gmt":"2024-03-30T10:49:40","guid":{"rendered":"https:\/\/cat.elultimocoral.es\/index.php\/open-water-diver-padi\/"},"modified":"2024-03-30T11:49:59","modified_gmt":"2024-03-30T10:49:59","slug":"open-water-diver-padi","status":"publish","type":"page","link":"https:\/\/cat.elultimocoral.es\/index.php\/open-water-diver-padi\/","title":{"rendered":"Open Water Diver PADI"},"content":{"rendered":"\t\t<div data-elementor-type=\"wp-page\" data-elementor-id=\"1140\" class=\"elementor elementor-1140\">\n\t\t\t\t\t\t<section class=\"elementor-section elementor-top-section elementor-element elementor-element-7cc0f315 elementor-section-full_width elementor-section-height-default elementor-section-height-default\" data-id=\"7cc0f315\" data-element_type=\"section\" data-e-type=\"section\" data-settings=\"{&quot;background_background&quot;:&quot;classic&quot;}\">\n\t\t\t\t\t\t<div class=\"elementor-container elementor-column-gap-default\">\n\t\t\t\t\t<div class=\"elementor-column elementor-col-100 elementor-top-column elementor-element elementor-element-5b4a9e35 elementor-invisible\" data-id=\"5b4a9e35\" data-element_type=\"column\" data-e-type=\"column\" data-settings=\"{&quot;background_background&quot;:&quot;classic&quot;,&quot;animation&quot;:&quot;fadeIn&quot;}\">\n\t\t\t<div class=\"elementor-widget-wrap elementor-element-populated\">\n\t\t\t\t\t<div class=\"elementor-background-overlay\"><\/div>\n\t\t\t\t\t\t<section class=\"elementor-section elementor-inner-section elementor-element elementor-element-7bb2a515 elementor-section-boxed elementor-section-height-default elementor-section-height-default\" data-id=\"7bb2a515\" data-element_type=\"section\" data-e-type=\"section\" data-settings=\"{&quot;background_background&quot;:&quot;classic&quot;}\">\n\t\t\t\t\t\t\t<div class=\"elementor-background-overlay\"><\/div>\n\t\t\t\t\t\t\t<div class=\"elementor-container elementor-column-gap-default\">\n\t\t\t\t\t<div class=\"elementor-column elementor-col-100 elementor-inner-column elementor-element elementor-element-7615dbf6 elementor-invisible\" data-id=\"7615dbf6\" data-element_type=\"column\" data-e-type=\"column\" data-settings=\"{&quot;animation&quot;:&quot;fadeIn&quot;}\">\n\t\t\t<div class=\"elementor-widget-wrap elementor-element-populated\">\n\t\t\t\t\t\t<div class=\"elementor-element elementor-element-4fcf81a2 elementor-invisible elementor-widget elementor-widget-heading\" data-id=\"4fcf81a2\" data-element_type=\"widget\" data-e-type=\"widget\" data-settings=\"{&quot;_animation&quot;:&quot;fadeIn&quot;,&quot;_animation_delay&quot;:100}\" data-widget_type=\"heading.default\">\n\t\t\t\t<div class=\"elementor-widget-container\">\n\t\t\t\t\t<h1 class=\"elementor-heading-title elementor-size-default\">Open Water Diver PADI<\/h1>\t\t\t\t<\/div>\n\t\t\t\t<\/div>\n\t\t\t\t\t<\/div>\n\t\t<\/div>\n\t\t\t\t\t<\/div>\n\t\t<\/section>\n\t\t\t\t\t<\/div>\n\t\t<\/div>\n\t\t\t\t\t<\/div>\n\t\t<\/section>\n\t\t\t\t<section class=\"elementor-section elementor-top-section elementor-element elementor-element-abb7978 elementor-section-boxed elementor-section-height-default elementor-section-height-default\" data-id=\"abb7978\" data-element_type=\"section\" data-e-type=\"section\" data-settings=\"{&quot;background_background&quot;:&quot;classic&quot;}\">\n\t\t\t\t\t\t<div class=\"elementor-container elementor-column-gap-default\">\n\t\t\t\t\t<div class=\"elementor-column elementor-col-100 elementor-top-column elementor-element elementor-element-647790e7\" data-id=\"647790e7\" data-element_type=\"column\" data-e-type=\"column\">\n\t\t\t<div class=\"elementor-widget-wrap elementor-element-populated\">\n\t\t\t\t\t\t<section class=\"elementor-section elementor-inner-section elementor-element elementor-element-437b4de6 elementor-section-boxed elementor-section-height-default elementor-section-height-default\" data-id=\"437b4de6\" data-element_type=\"section\" data-e-type=\"section\">\n\t\t\t\t\t\t<div class=\"elementor-container elementor-column-gap-default\">\n\t\t\t\t\t<div class=\"elementor-column elementor-col-100 elementor-inner-column elementor-element elementor-element-1975e5f1 elementor-invisible\" data-id=\"1975e5f1\" data-element_type=\"column\" data-e-type=\"column\" data-settings=\"{&quot;background_background&quot;:&quot;classic&quot;,&quot;animation&quot;:&quot;fadeIn&quot;}\">\n\t\t\t<div class=\"elementor-widget-wrap elementor-element-populated\">\n\t\t\t\t\t\t<div class=\"elementor-element elementor-element-4ac671a7 elementor-widget elementor-widget-text-editor\" data-id=\"4ac671a7\" data-element_type=\"widget\" data-e-type=\"widget\" data-widget_type=\"text-editor.default\">\n\t\t\t\t<div class=\"elementor-widget-container\">\n\t\t\t\t\t\t\t\t\t<p style=\"text-align: left;\">La certificaci\u00f3n PADI Open Water de PADI es el primer nivel de buceo, el certificado es reconocido mundialmente y al final del curso estar\u00e1s certificado para bucear a 18 metros de profundidad.<\/p><p style=\"text-align: left;\">El curso combina todos los aspectos b\u00e1sicos del buceo desde una perspectiva te\u00f3rica y pr\u00e1ctica. El curso mejorar\u00e1 tu comprensi\u00f3n del oc\u00e9ano y aprender\u00e1s los hechos, principios y conceptos b\u00e1sicos del buceo. Adem\u00e1s, te familiarizar\u00e1s con diversas t\u00e9cnicas y m\u00e9todos que pueden desarrollar tus habilidades de buceo.<\/p><p style=\"text-align: left;\">\u00a0<\/p><p style=\"text-align: left;\"><strong><span style=\"letter-spacing: 0.025em;\">PADI eLearning<\/span><\/strong><\/p><p style=\"text-align: left;\"><span style=\"font-weight: 400; letter-spacing: 0.025em;\">\u00bfQuieres estudiar en casa, a tu propio ritmo y en el idioma que elijas?<\/span><\/p><p style=\"text-align: left;\"><span style=\"font-weight: 400; letter-spacing: 0.025em;\">\u00bfQuieres ahorrar un tiempo precioso durante tus vacaciones y concentrarse en las sesiones pr\u00e1cticas y las inmersiones en el mar?<\/span><\/p><p style=\"text-align: left;\"><span style=\"font-weight: 400; letter-spacing: 0.025em;\">\u00a1Con eLearning puedes hacer todo lo anterior y obtener acceso ilimitado al material de estudio!<\/span><\/p><p style=\"text-align: left;\"><span style=\"font-weight: 400; letter-spacing: 0.025em;\">\u00a0<\/span><\/p><p style=\"text-align: left;\">INCLUIDO<\/p><p style=\"text-align: left;\">&#8211; Equipo de buceo (s\u00f3lo tr\u00e1ete el ba\u00f1ador y la toalla).<\/p><p style=\"text-align: left;\">&#8211; Todo el material did\u00e1ctico PADI para realizar el curso.<\/p><p style=\"text-align: left;\">&#8211; Seguro obligatorio.<\/p><p style=\"text-align: left;\">&#8211; Titulaci\u00f3n como buceador reconocido internacionalmente.<\/p><p style=\"text-align: left;\">\u00a0<\/p><p style=\"text-align: left;\">PREREQUISITOS<\/p><p style=\"text-align: left;\">&#8211; Edad m\u00ednima 10 a\u00f1os<\/p>\t\t\t\t\t\t\t\t<\/div>\n\t\t\t\t<\/div>\n\t\t\t\t<div class=\"elementor-element elementor-element-33199afb elementor-align-center elementor-widget elementor-widget-button\" data-id=\"33199afb\" data-element_type=\"widget\" data-e-type=\"widget\" data-widget_type=\"button.default\">\n\t\t\t\t<div class=\"elementor-widget-container\">\n\t\t\t\t\t\t\t\t\t<div class=\"elementor-button-wrapper\">\n\t\t\t\t\t<a class=\"elementor-button elementor-button-link elementor-size-sm\" href=\"https:\/\/elultimocoral.es\/formulario-cursos\/\">\n\t\t\t\t\t\t<span class=\"elementor-button-content-wrapper\">\n\t\t\t\t\t\t\t\t\t<span class=\"elementor-button-text\">M\u00e1s Informaci\u00f3n<\/span>\n\t\t\t\t\t<\/span>\n\t\t\t\t\t<\/a>\n\t\t\t\t<\/div>\n\t\t\t\t\t\t\t\t<\/div>\n\t\t\t\t<\/div>\n\t\t\t\t\t<\/div>\n\t\t<\/div>\n\t\t\t\t\t<\/div>\n\t\t<\/section>\n\t\t\t\t\t<\/div>\n\t\t<\/div>\n\t\t\t\t\t<\/div>\n\t\t<\/section>\n\t\t\t\t<section class=\"elementor-section elementor-top-section elementor-element elementor-element-5cfa3bdd elementor-section-boxed elementor-section-height-default elementor-section-height-default\" data-id=\"5cfa3bdd\" data-element_type=\"section\" data-e-type=\"section\">\n\t\t\t\t\t\t<div class=\"elementor-container elementor-column-gap-default\">\n\t\t\t\t\t<div class=\"elementor-column elementor-col-100 elementor-top-column elementor-element elementor-element-7cd16b52\" data-id=\"7cd16b52\" data-element_type=\"column\" data-e-type=\"column\">\n\t\t\t<div class=\"elementor-widget-wrap elementor-element-populated\">\n\t\t\t\t\t\t<div class=\"elementor-element elementor-element-4ca5e28f elementor-widget elementor-widget-video\" data-id=\"4ca5e28f\" data-element_type=\"widget\" data-e-type=\"widget\" data-settings=\"{&quot;youtube_url&quot;:&quot;https:\\\/\\\/youtu.be\\\/KvZT3etZIsw&quot;,&quot;video_type&quot;:&quot;youtube&quot;,&quot;controls&quot;:&quot;yes&quot;}\" data-widget_type=\"video.default\">\n\t\t\t\t<div class=\"elementor-widget-container\">\n\t\t\t\t\t\t\t<div class=\"elementor-wrapper elementor-open-inline\">\n\t\t\t<div class=\"elementor-video\"><\/div>\t\t<\/div>\n\t\t\t\t\t\t<\/div>\n\t\t\t\t<\/div>\n\t\t\t\t\t<\/div>\n\t\t<\/div>\n\t\t\t\t\t<\/div>\n\t\t<\/section>\n\t\t\t\t<section class=\"elementor-section elementor-top-section elementor-element elementor-element-61cd09fd elementor-section-full_width elementor-section-height-default elementor-section-height-default elementor-invisible\" data-id=\"61cd09fd\" data-element_type=\"section\" data-e-type=\"section\" data-settings=\"{&quot;animation&quot;:&quot;fadeIn&quot;,&quot;background_background&quot;:&quot;classic&quot;}\">\n\t\t\t\t\t\t<div class=\"elementor-container elementor-column-gap-default\">\n\t\t\t\t\t<div class=\"elementor-column elementor-col-50 elementor-top-column elementor-element elementor-element-1eb2ecb1\" data-id=\"1eb2ecb1\" data-element_type=\"column\" data-e-type=\"column\" data-settings=\"{&quot;background_background&quot;:&quot;gradient&quot;,&quot;animation&quot;:&quot;none&quot;}\">\n\t\t\t<div class=\"elementor-widget-wrap elementor-element-populated\">\n\t\t\t\t\t\t<div class=\"elementor-element elementor-element-5e1bcaee elementor-invisible elementor-widget elementor-widget-heading\" data-id=\"5e1bcaee\" data-element_type=\"widget\" data-e-type=\"widget\" data-settings=\"{&quot;_animation&quot;:&quot;fadeIn&quot;,&quot;_animation_delay&quot;:200}\" data-widget_type=\"heading.default\">\n\t\t\t\t<div class=\"elementor-widget-container\">\n\t\t\t\t\t<h2 class=\"elementor-heading-title elementor-size-default\">PREPARADO PARA EL SIGUIENTE NIVEL<\/h2>\t\t\t\t<\/div>\n\t\t\t\t<\/div>\n\t\t\t\t<div class=\"elementor-element elementor-element-6a01590 elementor-invisible elementor-widget elementor-widget-text-editor\" data-id=\"6a01590\" data-element_type=\"widget\" data-e-type=\"widget\" data-settings=\"{&quot;_animation&quot;:&quot;fadeIn&quot;,&quot;_animation_delay&quot;:300}\" data-widget_type=\"text-editor.default\">\n\t\t\t\t<div class=\"elementor-widget-container\">\n\t\t\t\t\t\t\t\t\t<p>Quieres adquirir m\u00e1s experiencia, nuevos conceptos, mejorar tus habilidades en las inmersiones, descubrir nuevos lugares de buceo.<\/p>\t\t\t\t\t\t\t\t<\/div>\n\t\t\t\t<\/div>\n\t\t\t\t<div class=\"elementor-element elementor-element-68479c8a elementor-align-center elementor-widget__width-auto elementor-mobile-align-justify elementor-widget-mobile__width-inherit elementor-invisible elementor-widget elementor-widget-button\" data-id=\"68479c8a\" data-element_type=\"widget\" data-e-type=\"widget\" data-settings=\"{&quot;_animation&quot;:&quot;fadeIn&quot;,&quot;_animation_delay&quot;:400}\" data-widget_type=\"button.default\">\n\t\t\t\t<div class=\"elementor-widget-container\">\n\t\t\t\t\t\t\t\t\t<div class=\"elementor-button-wrapper\">\n\t\t\t\t\t<a class=\"elementor-button elementor-button-link elementor-size-sm\" href=\"https:\/\/elultimocoral.es\/contacts\/\">\n\t\t\t\t\t\t<span class=\"elementor-button-content-wrapper\">\n\t\t\t\t\t\t\t\t\t<span class=\"elementor-button-text\">M\u00e1s Informaci\u00f3n<\/span>\n\t\t\t\t\t<\/span>\n\t\t\t\t\t<\/a>\n\t\t\t\t<\/div>\n\t\t\t\t\t\t\t\t<\/div>\n\t\t\t\t<\/div>\n\t\t\t\t\t<\/div>\n\t\t<\/div>\n\t\t\t\t<div class=\"elementor-column elementor-col-50 elementor-top-column elementor-element elementor-element-449feab6\" data-id=\"449feab6\" data-element_type=\"column\" data-e-type=\"column\" data-settings=\"{&quot;background_background&quot;:&quot;classic&quot;,&quot;animation&quot;:&quot;none&quot;}\">\n\t\t\t<div class=\"elementor-widget-wrap elementor-element-populated\">\n\t\t\t\t\t\t<div class=\"elementor-element elementor-element-1d4b70c4 elementor-widget elementor-widget-spacer\" data-id=\"1d4b70c4\" data-element_type=\"widget\" data-e-type=\"widget\" data-widget_type=\"spacer.default\">\n\t\t\t\t<div class=\"elementor-widget-container\">\n\t\t\t\t\t\t\t<div class=\"elementor-spacer\">\n\t\t\t<div class=\"elementor-spacer-inner\"><\/div>\n\t\t<\/div>\n\t\t\t\t\t\t<\/div>\n\t\t\t\t<\/div>\n\t\t\t\t\t<\/div>\n\t\t<\/div>\n\t\t\t\t\t<\/div>\n\t\t<\/section>\n\t\t\t\t<\/div>\n\t\t","protected":false},"excerpt":{"rendered":"<p>Open Water Diver PADI La certificaci\u00f3n PADI Open Water de PADI es el primer nivel de buceo, el certificado es reconocido mundialmente y al final del curso estar\u00e1s certificado para bucear a 18 metros de profundidad. El curso combina todos los aspectos b\u00e1sicos del buceo desde una perspectiva te\u00f3rica y pr\u00e1ctica. El curso mejorar\u00e1 tu &hellip; <a href=\"https:\/\/cat.elultimocoral.es\/index.php\/open-water-diver-padi\/\" class=\"more-link\">Continue reading<span class=\"screen-reader-text\"> &#8220;Open Water Diver PADI&#8221;<\/span><\/a><\/p>\n","protected":false},"author":1,"featured_media":0,"parent":0,"menu_order":0,"comment_status":"closed","ping_status":"closed","template":"elementor_header_footer","meta":{"footnotes":""},"class_list":["post-1140","page","type-page","status-publish","hentry"],"post_mailing_queue_ids":[],"_links":{"self":[{"href":"https:\/\/cat.elultimocoral.es\/index.php\/wp-json\/wp\/v2\/pages\/1140","targetHints":{"allow":["GET"]}}],"collection":[{"href":"https:\/\/cat.elultimocoral.es\/index.php\/wp-json\/wp\/v2\/pages"}],"about":[{"href":"https:\/\/cat.elultimocoral.es\/index.php\/wp-json\/wp\/v2\/types\/page"}],"author":[{"embeddable":true,"href":"https:\/\/cat.elultimocoral.es\/index.php\/wp-json\/wp\/v2\/users\/1"}],"replies":[{"embeddable":true,"href":"https:\/\/cat.elultimocoral.es\/index.php\/wp-json\/wp\/v2\/comments?post=1140"}],"version-history":[{"count":4,"href":"https:\/\/cat.elultimocoral.es\/index.php\/wp-json\/wp\/v2\/pages\/1140\/revisions"}],"predecessor-version":[{"id":1324,"href":"https:\/\/cat.elultimocoral.es\/index.php\/wp-json\/wp\/v2\/pages\/1140\/revisions\/1324"}],"wp:attachment":[{"href":"https:\/\/cat.elultimocoral.es\/index.php\/wp-json\/wp\/v2\/media?parent=1140"}],"curies":[{"name":"wp","href":"https:\/\/api.w.org\/{rel}","templated":true}]}}