{"id":1044,"date":"2024-03-30T11:49:29","date_gmt":"2024-03-30T10:49:29","guid":{"rendered":"https:\/\/cat.elultimocoral.es\/index.php\/inscripcion-soporte-vital-basico\/"},"modified":"2024-03-30T11:49:57","modified_gmt":"2024-03-30T10:49:57","slug":"inscripcion-soporte-vital-basico","status":"publish","type":"page","link":"https:\/\/cat.elultimocoral.es\/index.php\/inscripcion-soporte-vital-basico\/","title":{"rendered":"Inscripcion Soporte Vital B\u00e1sico"},"content":{"rendered":"\t\t<div data-elementor-type=\"wp-page\" data-elementor-id=\"1044\" class=\"elementor elementor-1044\">\n\t\t\t\t\t\t<section class=\"elementor-section elementor-top-section elementor-element elementor-element-724a4180 elementor-section-full_width elementor-section-height-default elementor-section-height-default\" data-id=\"724a4180\" data-element_type=\"section\" data-e-type=\"section\" data-settings=\"{&quot;background_background&quot;:&quot;classic&quot;}\">\n\t\t\t\t\t\t<div class=\"elementor-container elementor-column-gap-default\">\n\t\t\t\t\t<div class=\"elementor-column elementor-col-100 elementor-top-column elementor-element elementor-element-6c55b446 elementor-invisible\" data-id=\"6c55b446\" data-element_type=\"column\" data-e-type=\"column\" data-settings=\"{&quot;background_background&quot;:&quot;classic&quot;,&quot;animation&quot;:&quot;fadeIn&quot;}\">\n\t\t\t<div class=\"elementor-widget-wrap elementor-element-populated\">\n\t\t\t\t\t<div class=\"elementor-background-overlay\"><\/div>\n\t\t\t\t\t\t<section class=\"elementor-section elementor-inner-section elementor-element elementor-element-7976879b elementor-section-boxed elementor-section-height-default elementor-section-height-default\" data-id=\"7976879b\" data-element_type=\"section\" data-e-type=\"section\" data-settings=\"{&quot;background_background&quot;:&quot;classic&quot;}\">\n\t\t\t\t\t\t\t<div class=\"elementor-background-overlay\"><\/div>\n\t\t\t\t\t\t\t<div class=\"elementor-container elementor-column-gap-default\">\n\t\t\t\t\t<div class=\"elementor-column elementor-col-100 elementor-inner-column elementor-element elementor-element-285b4dde\" data-id=\"285b4dde\" data-element_type=\"column\" data-e-type=\"column\">\n\t\t\t<div class=\"elementor-widget-wrap elementor-element-populated\">\n\t\t\t\t\t\t<div class=\"elementor-element elementor-element-1de75f14 elementor-widget elementor-widget-heading\" data-id=\"1de75f14\" data-element_type=\"widget\" data-e-type=\"widget\" data-widget_type=\"heading.default\">\n\t\t\t\t<div class=\"elementor-widget-container\">\n\t\t\t\t\t<h2 class=\"elementor-heading-title elementor-size-default\">Inscripci\u00f3n Curso Vital B\u00e1sico<\/h2>\t\t\t\t<\/div>\n\t\t\t\t<\/div>\n\t\t\t\t\t<\/div>\n\t\t<\/div>\n\t\t\t\t\t<\/div>\n\t\t<\/section>\n\t\t\t\t\t<\/div>\n\t\t<\/div>\n\t\t\t\t\t<\/div>\n\t\t<\/section>\n\t\t\t\t<section class=\"elementor-section elementor-top-section elementor-element elementor-element-3e37ec7d elementor-section-boxed elementor-section-height-default elementor-section-height-default\" data-id=\"3e37ec7d\" data-element_type=\"section\" data-e-type=\"section\">\n\t\t\t\t\t\t<div class=\"elementor-container elementor-column-gap-default\">\n\t\t\t\t\t<div class=\"elementor-column elementor-col-50 elementor-top-column elementor-element elementor-element-340b4aeb\" data-id=\"340b4aeb\" data-element_type=\"column\" data-e-type=\"column\">\n\t\t\t<div class=\"elementor-widget-wrap elementor-element-populated\">\n\t\t\t\t\t\t<div class=\"elementor-element elementor-element-5e947074 elementor-widget elementor-widget-image\" data-id=\"5e947074\" data-element_type=\"widget\" data-e-type=\"widget\" data-widget_type=\"image.default\">\n\t\t\t\t<div class=\"elementor-widget-container\">\n\t\t\t\t\t\t\t\t\t\t\t\t\t\t\t<img fetchpriority=\"high\" decoding=\"async\" width=\"169\" height=\"300\" src=\"https:\/\/cat.elultimocoral.es\/wp-content\/uploads\/2024\/03\/curso-svb-17-02-169x300.jpg\" class=\"attachment-medium size-medium wp-image-22\" alt=\"\" srcset=\"https:\/\/cat.elultimocoral.es\/wp-content\/uploads\/2024\/03\/curso-svb-17-02-169x300.jpg 169w, https:\/\/cat.elultimocoral.es\/wp-content\/uploads\/2024\/03\/curso-svb-17-02-600x1067.jpg 600w, https:\/\/cat.elultimocoral.es\/wp-content\/uploads\/2024\/03\/curso-svb-17-02-576x1024.jpg 576w, https:\/\/cat.elultimocoral.es\/wp-content\/uploads\/2024\/03\/curso-svb-17-02-768x1366.jpg 768w, https:\/\/cat.elultimocoral.es\/wp-content\/uploads\/2024\/03\/curso-svb-17-02-864x1536.jpg 864w, https:\/\/cat.elultimocoral.es\/wp-content\/uploads\/2024\/03\/curso-svb-17-02.jpg 899w\" sizes=\"(max-width: 169px) 85vw, 169px\" \/>\t\t\t\t\t\t\t\t\t\t\t\t\t\t\t<\/div>\n\t\t\t\t<\/div>\n\t\t\t\t\t<\/div>\n\t\t<\/div>\n\t\t\t\t<div class=\"elementor-column elementor-col-50 elementor-top-column elementor-element elementor-element-7a17baf8\" data-id=\"7a17baf8\" data-element_type=\"column\" data-e-type=\"column\">\n\t\t\t<div class=\"elementor-widget-wrap elementor-element-populated\">\n\t\t\t\t\t\t<div class=\"elementor-element elementor-element-26a78a21 elementor-widget elementor-widget-text-editor\" data-id=\"26a78a21\" data-element_type=\"widget\" data-e-type=\"widget\" data-widget_type=\"text-editor.default\">\n\t\t\t\t<div class=\"elementor-widget-container\">\n\t\t\t\t\t\t\t\t\t<p><strong>\u00a1Descubre la clave para salvar vidas! Realiza nuestro curso de Soporte Vital B\u00e1sico y adquiere las habilidades esenciales para responder ante emergencias m\u00e9dicas. \u00a1Marca la diferencia!<\/strong><\/p><p><strong>\u00a0<\/strong><\/p><p>Contenido del curso:<\/p><p>&#8211; T\u00e9cnicas esenciales de RCP<\/p><p>&#8211; Uso correcto del desfibrilador autom\u00e1tico (DEA)<\/p><p>&#8211; Control de hemorragias masivas<\/p><p>\u00a0<\/p><p><img decoding=\"async\" class=\"emoji\" role=\"img\" draggable=\"false\" src=\"https:\/\/s.w.org\/images\/core\/emoji\/14.0.0\/svg\/1f5d3.svg\" alt=\"\ud83d\uddd3\" \/> Fecha: 17 de febrero de 2024<\/p><p><img decoding=\"async\" class=\"emoji\" role=\"img\" draggable=\"false\" src=\"https:\/\/s.w.org\/images\/core\/emoji\/14.0.0\/svg\/1f552.svg\" alt=\"\ud83d\udd52\" \/> Horario: de 9 a 14 horas\u00a0<\/p><p><img decoding=\"async\" class=\"emoji\" role=\"img\" draggable=\"false\" src=\"https:\/\/s.w.org\/images\/core\/emoji\/14.0.0\/svg\/1f4cd.svg\" alt=\"\ud83d\udccd\" \/> Lugar: Zona F\u00f2rum, Moll de la Vela, 1 (Sant Adri\u00e0 de Bes\u00f2s)<\/p><p>\u00a0<\/p><p><img decoding=\"async\" class=\"emoji\" role=\"img\" draggable=\"false\" src=\"https:\/\/s.w.org\/images\/core\/emoji\/14.0.0\/svg\/1f31f.svg\" alt=\"\ud83c\udf1f\" \/> Beneficios del curso:<\/p><p>&#8211; Certificaci\u00f3n reconocida.<\/p><p>&#8211; Instructor altamente capacitado.<\/p><p>&#8211; Contenido te\u00f3rico y pr\u00e1ctico.<\/p><p>\u00a0<\/p><p><img decoding=\"async\" class=\"emoji\" role=\"img\" draggable=\"false\" src=\"https:\/\/s.w.org\/images\/core\/emoji\/14.0.0\/svg\/1f680.svg\" alt=\"\ud83d\ude80\" \/> \u00a1Inscr\u00edbete ahora y adquiere habilidades que pueden marcar la diferencia en situaciones de emergencia!<\/p><p>\u00a0<\/p><p>\u00a1No pierdas la oportunidad de ser un h\u00e9roe en momentos cr\u00edticos! Inscr\u00edbete en nuestro formulario.<\/p>\t\t\t\t\t\t\t\t<\/div>\n\t\t\t\t<\/div>\n\t\t\t\t\t<\/div>\n\t\t<\/div>\n\t\t\t\t\t<\/div>\n\t\t<\/section>\n\t\t\t\t<section class=\"elementor-section elementor-top-section elementor-element elementor-element-191ce9ec elementor-section-boxed elementor-section-height-default elementor-section-height-default\" data-id=\"191ce9ec\" data-element_type=\"section\" data-e-type=\"section\" data-settings=\"{&quot;background_background&quot;:&quot;classic&quot;}\">\n\t\t\t\t\t\t<div class=\"elementor-container elementor-column-gap-default\">\n\t\t\t\t\t<div class=\"elementor-column elementor-col-100 elementor-top-column elementor-element elementor-element-5fb3ee0b\" data-id=\"5fb3ee0b\" data-element_type=\"column\" data-e-type=\"column\">\n\t\t\t<div class=\"elementor-widget-wrap elementor-element-populated\">\n\t\t\t\t\t\t<section class=\"elementor-section elementor-inner-section elementor-element elementor-element-474bfa68 elementor-section-boxed elementor-section-height-default elementor-section-height-default\" data-id=\"474bfa68\" data-element_type=\"section\" data-e-type=\"section\">\n\t\t\t\t\t\t<div class=\"elementor-container elementor-column-gap-default\">\n\t\t\t\t\t<div class=\"elementor-column elementor-col-100 elementor-inner-column elementor-element elementor-element-2a320fb3 elementor-invisible\" data-id=\"2a320fb3\" data-element_type=\"column\" data-e-type=\"column\" data-settings=\"{&quot;background_background&quot;:&quot;classic&quot;,&quot;animation&quot;:&quot;fadeIn&quot;,&quot;animation_delay&quot;:100}\">\n\t\t\t<div class=\"elementor-widget-wrap elementor-element-populated\">\n\t\t\t\t\t\t\t<\/div>\n\t\t<\/div>\n\t\t\t\t\t<\/div>\n\t\t<\/section>\n\t\t\t\t\t<\/div>\n\t\t<\/div>\n\t\t\t\t\t<\/div>\n\t\t<\/section>\n\t\t\t\t<section class=\"elementor-section elementor-top-section elementor-element elementor-element-6e1996a1 elementor-section-boxed elementor-section-height-default elementor-section-height-default\" data-id=\"6e1996a1\" data-element_type=\"section\" data-e-type=\"section\">\n\t\t\t\t\t\t<div class=\"elementor-container elementor-column-gap-default\">\n\t\t\t\t\t<div class=\"elementor-column elementor-col-50 elementor-top-column elementor-element elementor-element-778dbb5f\" data-id=\"778dbb5f\" data-element_type=\"column\" data-e-type=\"column\">\n\t\t\t<div class=\"elementor-widget-wrap elementor-element-populated\">\n\t\t\t\t\t\t<div class=\"elementor-element elementor-element-11905b63 elementor-widget elementor-widget-image\" data-id=\"11905b63\" data-element_type=\"widget\" data-e-type=\"widget\" data-widget_type=\"image.default\">\n\t\t\t\t<div class=\"elementor-widget-container\">\n\t\t\t\t\t\t\t\t\t\t\t\t\t\t\t<img decoding=\"async\" width=\"300\" height=\"285\" src=\"https:\/\/cat.elultimocoral.es\/wp-content\/uploads\/2024\/03\/FECDAS-300x285.png\" class=\"attachment-medium size-medium wp-image-23\" alt=\"\" srcset=\"https:\/\/cat.elultimocoral.es\/wp-content\/uploads\/2024\/03\/FECDAS-300x285.png 300w, https:\/\/cat.elultimocoral.es\/wp-content\/uploads\/2024\/03\/FECDAS-600x570.png 600w, https:\/\/cat.elultimocoral.es\/wp-content\/uploads\/2024\/03\/FECDAS-1024x973.png 1024w, https:\/\/cat.elultimocoral.es\/wp-content\/uploads\/2024\/03\/FECDAS-768x730.png 768w, https:\/\/cat.elultimocoral.es\/wp-content\/uploads\/2024\/03\/FECDAS-1536x1460.png 1536w, https:\/\/cat.elultimocoral.es\/wp-content\/uploads\/2024\/03\/FECDAS-2048x1947.png 2048w\" sizes=\"(max-width: 300px) 85vw, 300px\" \/>\t\t\t\t\t\t\t\t\t\t\t\t\t\t\t<\/div>\n\t\t\t\t<\/div>\n\t\t\t\t\t<\/div>\n\t\t<\/div>\n\t\t\t\t<div class=\"elementor-column elementor-col-50 elementor-top-column elementor-element elementor-element-7659569\" data-id=\"7659569\" data-element_type=\"column\" data-e-type=\"column\">\n\t\t\t<div class=\"elementor-widget-wrap elementor-element-populated\">\n\t\t\t\t\t\t<div class=\"elementor-element elementor-element-3e9805f8 elementor-widget elementor-widget-image\" data-id=\"3e9805f8\" data-element_type=\"widget\" data-e-type=\"widget\" data-widget_type=\"image.default\">\n\t\t\t\t<div class=\"elementor-widget-container\">\n\t\t\t\t\t\t\t\t\t\t\t\t\t\t\t<img decoding=\"async\" width=\"496\" height=\"193\" src=\"https:\/\/cat.elultimocoral.es\/wp-content\/uploads\/2024\/03\/stop-bleed.jpg\" class=\"attachment-large size-large wp-image-24\" alt=\"\" srcset=\"https:\/\/cat.elultimocoral.es\/wp-content\/uploads\/2024\/03\/stop-bleed.jpg 496w, https:\/\/cat.elultimocoral.es\/wp-content\/uploads\/2024\/03\/stop-bleed-300x117.jpg 300w\" sizes=\"(max-width: 496px) 85vw, 496px\" \/>\t\t\t\t\t\t\t\t\t\t\t\t\t\t\t<\/div>\n\t\t\t\t<\/div>\n\t\t\t\t\t<\/div>\n\t\t<\/div>\n\t\t\t\t\t<\/div>\n\t\t<\/section>\n\t\t\t\t<\/div>\n\t\t","protected":false},"excerpt":{"rendered":"<p>Inscripci\u00f3n Curso Vital B\u00e1sico \u00a1Descubre la clave para salvar vidas! Realiza nuestro curso de Soporte Vital B\u00e1sico y adquiere las habilidades esenciales para responder ante emergencias m\u00e9dicas. \u00a1Marca la diferencia! \u00a0 Contenido del curso: &#8211; T\u00e9cnicas esenciales de RCP &#8211; Uso correcto del desfibrilador autom\u00e1tico (DEA) &#8211; Control de hemorragias masivas \u00a0 Fecha: 17 de &hellip; <a href=\"https:\/\/cat.elultimocoral.es\/index.php\/inscripcion-soporte-vital-basico\/\" class=\"more-link\">Continue reading<span class=\"screen-reader-text\"> &#8220;Inscripcion Soporte Vital B\u00e1sico&#8221;<\/span><\/a><\/p>\n","protected":false},"author":1,"featured_media":0,"parent":0,"menu_order":0,"comment_status":"closed","ping_status":"closed","template":"elementor_header_footer","meta":{"footnotes":""},"class_list":["post-1044","page","type-page","status-publish","hentry"],"post_mailing_queue_ids":[],"_links":{"self":[{"href":"https:\/\/cat.elultimocoral.es\/index.php\/wp-json\/wp\/v2\/pages\/1044","targetHints":{"allow":["GET"]}}],"collection":[{"href":"https:\/\/cat.elultimocoral.es\/index.php\/wp-json\/wp\/v2\/pages"}],"about":[{"href":"https:\/\/cat.elultimocoral.es\/index.php\/wp-json\/wp\/v2\/types\/page"}],"author":[{"embeddable":true,"href":"https:\/\/cat.elultimocoral.es\/index.php\/wp-json\/wp\/v2\/users\/1"}],"replies":[{"embeddable":true,"href":"https:\/\/cat.elultimocoral.es\/index.php\/wp-json\/wp\/v2\/comments?post=1044"}],"version-history":[{"count":4,"href":"https:\/\/cat.elultimocoral.es\/index.php\/wp-json\/wp\/v2\/pages\/1044\/revisions"}],"predecessor-version":[{"id":1270,"href":"https:\/\/cat.elultimocoral.es\/index.php\/wp-json\/wp\/v2\/pages\/1044\/revisions\/1270"}],"wp:attachment":[{"href":"https:\/\/cat.elultimocoral.es\/index.php\/wp-json\/wp\/v2\/media?parent=1044"}],"curies":[{"name":"wp","href":"https:\/\/api.w.org\/{rel}","templated":true}]}}